{"id":7003,"date":"2023-08-08T16:11:05","date_gmt":"2023-08-08T08:11:05","guid":{"rendered":"https:\/\/copperry.com\/?page_id=7003"},"modified":"2023-08-10T16:59:41","modified_gmt":"2023-08-10T08:59:41","slug":"author","status":"publish","type":"page","link":"https:\/\/copperry.com\/tr\/yazar\/","title":{"rendered":"Yazar"},"content":{"rendered":"<div data-elementor-type=\"wp-page\" data-elementor-id=\"7003\" class=\"elementor elementor-7003\" data-elementor-post-type=\"page\">\n\t\t\t\t\t\t<section class=\"elementor-section elementor-top-section elementor-element elementor-element-cb64bcd elementor-section-boxed elementor-section-height-default elementor-section-height-default\" data-id=\"cb64bcd\" data-element_type=\"section\" data-e-type=\"section\">\n\t\t\t\t\t\t<div class=\"elementor-container elementor-column-gap-default\">\n\t\t\t\t\t<div class=\"elementor-column elementor-col-50 elementor-top-column elementor-element elementor-element-294f3cf\" data-id=\"294f3cf\" data-element_type=\"column\" data-e-type=\"column\">\n\t\t\t<div class=\"elementor-widget-wrap elementor-element-populated\">\n\t\t\t\t\t\t<div class=\"elementor-element elementor-element-22d41ee elementor-widget elementor-widget-heading\" data-id=\"22d41ee\" data-element_type=\"widget\" data-e-type=\"widget\" data-widget_type=\"heading.default\">\n\t\t\t\t<div class=\"elementor-widget-container\">\n\t\t\t\t\t<h1 class=\"elementor-heading-title elementor-size-default\">alan duan hakkinda<\/h1>\t\t\t\t<\/div>\n\t\t\t\t<\/div>\n\t\t\t\t<div class=\"elementor-element elementor-element-cfcd6c3 elementor-widget elementor-widget-text-editor\" data-id=\"cfcd6c3\" data-element_type=\"widget\" data-e-type=\"widget\" data-widget_type=\"text-editor.default\">\n\t\t\t\t<div class=\"elementor-widget-container\">\n\t\t\t\t\t\t\t\t\t<p>Merhaba, ben bu sitenin web y\u00f6neticisi Alan Duan.<\/p><p>Bak\u0131r nikel boru sat\u0131\u015f\u0131 ve proje y\u00f6netimi konusunda 11 y\u0131ld\u0131r faaliyet g\u00f6stermekteyim. Bak\u0131r nikel boru ve ek par\u00e7alar\u0131 tedarik eden y\u00fczlerce m\u00fc\u015fterinin g\u00fcvenini kazand\u0131m.<\/p><p>\u015eirketteki ilk y\u0131l\u0131mda birka\u00e7 sipari\u015f ald\u0131m. Sipari\u015f g\u00f6r\u00fc\u015fmesi, \u00fcretim, teslimat ve sat\u0131\u015f sonras\u0131. \u015eirket teknolojimizden ve m\u00fc\u015fterilerimden \u00f6\u011frenmeye devam ediyorum.<\/p><p>\u00dcniversiteden mezun olduktan sonra 2012 y\u0131l\u0131nda COPPERRY'ye kat\u0131ld\u0131m. \u0130lk ba\u015fta bak\u0131r nikel ba\u011flant\u0131 par\u00e7alar\u0131n\u0131 anlam\u0131yordum. Her g\u00fcn at\u00f6lyeye gidip deneyimli i\u015f\u00e7ilerden bana \u00fcretim s\u00fcrecini \u00f6\u011fretmelerini istemek zorunda kald\u0131m. Bu s\u00fcre\u00e7 zordu \u00e7\u00fcnk\u00fc her g\u00fcn \u00fcr\u00fcn bilgisi hakk\u0131nda \u00e7ok \u015fey \u00f6\u011frenmem gerekiyordu.<\/p><p>Ne kadar \u00e7ok proje \u00fczerinde \u00e7al\u0131\u015f\u0131rsam, bak\u0131r nikel ba\u011flant\u0131 par\u00e7alar\u0131 konusunda o kadar \u00e7ok deneyim kazand\u0131m. Birka\u00e7 y\u0131l sonra alan\u0131mda uzman olmu\u015ftum. Bak\u0131r nikel borular, bak\u0131r nikel flan\u015flar ve bak\u0131r nikel ba\u011flant\u0131 par\u00e7alar\u0131 konusunda uzman\u0131m.<\/p><p>M\u00fc\u015fterilerimizle konu\u015furken, bak\u0131r-nikel borular hakk\u0131nda sorular sorduklar\u0131na rastl\u0131yoruz. Ba\u015fkalar\u0131na yard\u0131mc\u0131 olmak i\u00e7in bu sorular\u0131 ve cevaplar\u0131 web sitesine koymak istiyorum.<\/p><p>COPPERRY, y\u00fcksek profesyonel yeterlili\u011fe sahip bir \u00fcreticidir. Bak\u0131r Nikel Borular\u0131 potansiyel m\u00fc\u015fterilerimize tan\u0131tmak i\u00e7in web sitesinde profesyonel i\u00e7erik olu\u015fturmak istiyorum.<\/p><p>Bak\u0131r nikel ala\u015f\u0131mlar\u0131 hakk\u0131nda bu web sitesi ile size yard\u0131mc\u0131 olmaya \u00e7al\u0131\u015f\u0131yorum. Sorular\u0131n\u0131z varsa do\u011frudan benimle de ileti\u015fime ge\u00e7ebilirsiniz.<\/p>\t\t\t\t\t\t\t\t<\/div>\n\t\t\t\t<\/div>\n\t\t\t\t<div class=\"elementor-element elementor-element-6149d24 elementor-widget elementor-widget-heading\" data-id=\"6149d24\" data-element_type=\"widget\" data-e-type=\"widget\" data-widget_type=\"heading.default\">\n\t\t\t\t<div class=\"elementor-widget-container\">\n\t\t\t\t\t<h2 class=\"elementor-heading-title elementor-size-default\">Di\u011fer sosyal platformlar\u0131m<\/h2>\t\t\t\t<\/div>\n\t\t\t\t<\/div>\n\t\t\t\t<div class=\"elementor-element elementor-element-08ad6eb elementor-widget elementor-widget-text-editor\" data-id=\"08ad6eb\" data-element_type=\"widget\" data-e-type=\"widget\" data-widget_type=\"text-editor.default\">\n\t\t\t\t<div class=\"elementor-widget-container\">\n\t\t\t\t\t\t\t\t\t<p><a href=\"https:\/\/www.linkedin.com\/in\/alan-duan-3b630123b\/\" target=\"_blank\" rel=\"noopener\">Linkedin \uff1alinkedin.com\/in\/alanduan2023\/<\/a><\/p>\t\t\t\t\t\t\t\t<\/div>\n\t\t\t\t<\/div>\n\t\t\t\t<div class=\"elementor-element elementor-element-cadd1b9 elementor-widget elementor-widget-text-editor\" data-id=\"cadd1b9\" data-element_type=\"widget\" data-e-type=\"widget\" data-widget_type=\"text-editor.default\">\n\t\t\t\t<div class=\"elementor-widget-container\">\n\t\t\t\t\t\t\t\t\t<p><a href=\"https:\/\/www.youtube.com\/channel\/UC3sh_tpuNT5mwVCoZrQei8g\" target=\"_blank\" rel=\"noopener\">Youtube Kanal\u0131m<\/a><\/p>\t\t\t\t\t\t\t\t<\/div>\n\t\t\t\t<\/div>\n\t\t\t\t<div class=\"elementor-element elementor-element-9c05b21 elementor-widget elementor-widget-heading\" data-id=\"9c05b21\" data-element_type=\"widget\" data-e-type=\"widget\" data-widget_type=\"heading.default\">\n\t\t\t\t<div class=\"elementor-widget-container\">\n\t\t\t\t\t<h2 class=\"elementor-heading-title elementor-size-default\">Bana ula\u015f\u0131n<\/h2>\t\t\t\t<\/div>\n\t\t\t\t<\/div>\n\t\t\t\t<div class=\"elementor-element elementor-element-e4b43d6 elementor-widget elementor-widget-text-editor\" data-id=\"e4b43d6\" data-element_type=\"widget\" data-e-type=\"widget\" data-widget_type=\"text-editor.default\">\n\t\t\t\t<div class=\"elementor-widget-container\">\n\t\t\t\t\t\t\t\t\t<p>Wechat Kimli\u011fi\uff1adpd2016<\/p>\t\t\t\t\t\t\t\t<\/div>\n\t\t\t\t<\/div>\n\t\t\t\t<div class=\"elementor-element elementor-element-1f60c49 elementor-widget elementor-widget-text-editor\" data-id=\"1f60c49\" data-element_type=\"widget\" data-e-type=\"widget\" data-widget_type=\"text-editor.default\">\n\t\t\t\t<div class=\"elementor-widget-container\">\n\t\t\t\t\t\t\t\t\t<p>E-posta\uff1asales@copperry.com<\/p>\t\t\t\t\t\t\t\t<\/div>\n\t\t\t\t<\/div>\n\t\t\t\t\t<\/div>\n\t\t<\/div>\n\t\t\t\t<div class=\"elementor-column elementor-col-50 elementor-top-column elementor-element elementor-element-ecd3235\" data-id=\"ecd3235\" data-element_type=\"column\" data-e-type=\"column\">\n\t\t\t<div class=\"elementor-widget-wrap elementor-element-populated\">\n\t\t\t\t\t\t<div class=\"elementor-element elementor-element-01a7385 elementor-widget elementor-widget-image\" data-id=\"01a7385\" data-element_type=\"widget\" data-e-type=\"widget\" data-widget_type=\"image.default\">\n\t\t\t\t<div class=\"elementor-widget-container\">\n\t\t\t\t\t\t\t\t\t\t\t\t\t\t\t<img fetchpriority=\"high\" decoding=\"async\" width=\"300\" height=\"300\" src=\"https:\/\/copperry.com\/wp-content\/uploads\/2023\/08\/author-copperry.com_.jpg\" class=\"attachment-large size-large wp-image-7011\" alt=\"yazar copperry.com\" srcset=\"https:\/\/copperry.com\/wp-content\/uploads\/2023\/08\/author-copperry.com_.jpg 300w, https:\/\/copperry.com\/wp-content\/uploads\/2023\/08\/author-copperry.com_-150x150.jpg 150w, https:\/\/copperry.com\/wp-content\/uploads\/2023\/08\/author-copperry.com_-100x100.jpg 100w\" sizes=\"(max-width: 300px) 100vw, 300px\" \/>\t\t\t\t\t\t\t\t\t\t\t\t\t\t\t<\/div>\n\t\t\t\t<\/div>\n\t\t\t\t\t<\/div>\n\t\t<\/div>\n\t\t\t\t\t<\/div>\n\t\t<\/section>\n\t\t\t\t<section class=\"elementor-section elementor-top-section elementor-element elementor-element-5ab1289 elementor-section-boxed elementor-section-height-default elementor-section-height-default\" data-id=\"5ab1289\" data-element_type=\"section\" data-e-type=\"section\">\n\t\t\t\t\t\t<div class=\"elementor-container elementor-column-gap-default\">\n\t\t\t\t\t<div class=\"elementor-column elementor-col-100 elementor-top-column elementor-element elementor-element-f0b14d4\" data-id=\"f0b14d4\" data-element_type=\"column\" data-e-type=\"column\">\n\t\t\t<div class=\"elementor-widget-wrap\">\n\t\t\t\t\t\t\t<\/div>\n\t\t<\/div>\n\t\t\t\t\t<\/div>\n\t\t<\/section>\n\t\t\t\t<\/div>","protected":false},"excerpt":{"rendered":"<p>about alan duan Hello, I am the webmaster of this site Alan Duan. I have been in copper nickel pipe sales and project management for 11 years. Have gained the trust of hundreds of customers supplying copper nickel pipes and fittings. I did get a few orders in my first year with the company. Order [&hellip;]<\/p>","protected":false},"author":1,"featured_media":0,"parent":0,"menu_order":0,"comment_status":"closed","ping_status":"closed","template":"elementor_header_footer","meta":{"footnotes":""},"class_list":["post-7003","page","type-page","status-publish","hentry"],"_links":{"self":[{"href":"https:\/\/copperry.com\/tr\/wp-json\/wp\/v2\/pages\/7003","targetHints":{"allow":["GET"]}}],"collection":[{"href":"https:\/\/copperry.com\/tr\/wp-json\/wp\/v2\/pages"}],"about":[{"href":"https:\/\/copperry.com\/tr\/wp-json\/wp\/v2\/types\/page"}],"author":[{"embeddable":true,"href":"https:\/\/copperry.com\/tr\/wp-json\/wp\/v2\/users\/1"}],"replies":[{"embeddable":true,"href":"https:\/\/copperry.com\/tr\/wp-json\/wp\/v2\/comments?post=7003"}],"version-history":[{"count":58,"href":"https:\/\/copperry.com\/tr\/wp-json\/wp\/v2\/pages\/7003\/revisions"}],"predecessor-version":[{"id":7064,"href":"https:\/\/copperry.com\/tr\/wp-json\/wp\/v2\/pages\/7003\/revisions\/7064"}],"wp:attachment":[{"href":"https:\/\/copperry.com\/tr\/wp-json\/wp\/v2\/media?parent=7003"}],"curies":[{"name":"wp","href":"https:\/\/api.w.org\/{rel}","templated":true}]}}