{"id":8288,"date":"2024-09-13T18:24:20","date_gmt":"2024-09-13T10:24:20","guid":{"rendered":"https:\/\/copperry.com\/?page_id=8288"},"modified":"2026-04-08T14:41:35","modified_gmt":"2026-04-08T06:41:35","slug":"downloads-2","status":"publish","type":"page","link":"https:\/\/copperry.com\/pt\/downloads-2\/","title":{"rendered":"downloads"},"content":{"rendered":"<div data-elementor-type=\"wp-page\" data-elementor-id=\"8288\" class=\"elementor elementor-8288\" data-elementor-post-type=\"page\">\n\t\t\t\t\t\t<section class=\"elementor-section elementor-top-section elementor-element elementor-element-e6bdad1 elementor-section-boxed elementor-section-height-default elementor-section-height-default\" data-id=\"e6bdad1\" data-element_type=\"section\" data-e-type=\"section\">\n\t\t\t\t\t\t<div class=\"elementor-container elementor-column-gap-default\">\n\t\t\t\t\t<div class=\"elementor-column elementor-col-100 elementor-top-column elementor-element elementor-element-28c1bf3\" data-id=\"28c1bf3\" data-element_type=\"column\" data-e-type=\"column\">\n\t\t\t<div class=\"elementor-widget-wrap elementor-element-populated\">\n\t\t\t\t\t\t<div class=\"elementor-element elementor-element-0c46d66 elementor-widget elementor-widget-heading\" data-id=\"0c46d66\" data-element_type=\"widget\" data-e-type=\"widget\" data-widget_type=\"heading.default\">\n\t\t\t\t<div class=\"elementor-widget-container\">\n\t\t\t\t\t<h1 class=\"elementor-heading-title elementor-size-default\">Baixar<\/h1>\t\t\t\t<\/div>\n\t\t\t\t<\/div>\n\t\t\t\t<div class=\"elementor-element elementor-element-41c7801 elementor-widget elementor-widget-text-editor\" data-id=\"41c7801\" data-element_type=\"widget\" data-e-type=\"widget\" data-widget_type=\"text-editor.default\">\n\t\t\t\t<div class=\"elementor-widget-container\">\n\t\t\t\t\t\t\t\t\t<p>Abaixo est\u00e3o os certificados de aprova\u00e7\u00e3o e relat\u00f3rios de teste obtidos por nossa empresa para conex\u00f5es e flanges de cobre-n\u00edquel, que voc\u00ea pode baixar para refer\u00eancia.<\/p>\t\t\t\t\t\t\t\t<\/div>\n\t\t\t\t<\/div>\n\t\t\t\t\t<\/div>\n\t\t<\/div>\n\t\t\t\t\t<\/div>\n\t\t<\/section>\n\t\t\t\t<section class=\"elementor-section elementor-top-section elementor-element elementor-element-c3feb12 elementor-section-boxed elementor-section-height-default elementor-section-height-default\" data-id=\"c3feb12\" data-element_type=\"section\" data-e-type=\"section\">\n\t\t\t\t\t\t<div class=\"elementor-container elementor-column-gap-default\">\n\t\t\t\t\t<div class=\"elementor-column elementor-col-33 elementor-top-column elementor-element elementor-element-d02a215\" data-id=\"d02a215\" data-element_type=\"column\" data-e-type=\"column\">\n\t\t\t<div class=\"elementor-widget-wrap elementor-element-populated\">\n\t\t\t\t\t\t<div class=\"elementor-element elementor-element-8cf58df elementor-widget elementor-widget-image\" data-id=\"8cf58df\" data-element_type=\"widget\" data-e-type=\"widget\" data-widget_type=\"image.default\">\n\t\t\t\t<div class=\"elementor-widget-container\">\n\t\t\t\t\t\t\t\t\t\t\t\t\t\t\t<img fetchpriority=\"high\" decoding=\"async\" width=\"400\" height=\"550\" src=\"https:\/\/copperry.com\/wp-content\/uploads\/2024\/09\/copper-nickel-pipe-fittings-catalog-cover.jpg\" class=\"attachment-large size-large wp-image-8302\" alt=\"Cat\u00e1logo de acess\u00f3rios para tubos de cobre e n\u00edquel\" srcset=\"https:\/\/copperry.com\/wp-content\/uploads\/2024\/09\/copper-nickel-pipe-fittings-catalog-cover.jpg 400w, https:\/\/copperry.com\/wp-content\/uploads\/2024\/09\/copper-nickel-pipe-fittings-catalog-cover-218x300.jpg 218w\" sizes=\"(max-width: 400px) 100vw, 400px\" \/>\t\t\t\t\t\t\t\t\t\t\t\t\t\t\t<\/div>\n\t\t\t\t<\/div>\n\t\t\t\t<div class=\"elementor-element elementor-element-1555a2f elementor-align-center elementor-widget elementor-widget-button\" data-id=\"1555a2f\" data-element_type=\"widget\" data-e-type=\"widget\" data-widget_type=\"button.default\">\n\t\t\t\t<div class=\"elementor-widget-container\">\n\t\t\t\t\t\t\t\t\t<div class=\"elementor-button-wrapper\">\n\t\t\t\t\t<a class=\"elementor-button elementor-button-link elementor-size-sm\" href=\"https:\/\/copperry.com\/wp-content\/uploads\/2026\/04\/Copperry-Catalogues.pdf\">\n\t\t\t\t\t\t<span class=\"elementor-button-content-wrapper\">\n\t\t\t\t\t\t\t\t\t<span class=\"elementor-button-text\">download do cat\u00e1logo<\/span>\n\t\t\t\t\t<\/span>\n\t\t\t\t\t<\/a>\n\t\t\t\t<\/div>\n\t\t\t\t\t\t\t\t<\/div>\n\t\t\t\t<\/div>\n\t\t\t\t\t<\/div>\n\t\t<\/div>\n\t\t\t\t<div class=\"elementor-column elementor-col-33 elementor-top-column elementor-element elementor-element-f3a267c\" data-id=\"f3a267c\" data-element_type=\"column\" data-e-type=\"column\">\n\t\t\t<div class=\"elementor-widget-wrap elementor-element-populated\">\n\t\t\t\t\t\t<div class=\"elementor-element elementor-element-4f2f001 elementor-widget elementor-widget-image\" data-id=\"4f2f001\" data-element_type=\"widget\" data-e-type=\"widget\" data-widget_type=\"image.default\">\n\t\t\t\t<div class=\"elementor-widget-container\">\n\t\t\t\t\t\t\t\t\t\t\t\t\t\t\t<img decoding=\"async\" width=\"400\" height=\"550\" src=\"https:\/\/copperry.com\/wp-content\/uploads\/2024\/09\/China-Classification-Society-CCS-Factory-Approval-Certificate.jpg\" class=\"attachment-large size-large wp-image-8492\" alt=\"Certificado de aprova\u00e7\u00e3o de f\u00e1brica da China Classification Society (CCS)\" srcset=\"https:\/\/copperry.com\/wp-content\/uploads\/2024\/09\/China-Classification-Society-CCS-Factory-Approval-Certificate.jpg 400w, https:\/\/copperry.com\/wp-content\/uploads\/2024\/09\/China-Classification-Society-CCS-Factory-Approval-Certificate-218x300.jpg 218w\" sizes=\"(max-width: 400px) 100vw, 400px\" \/>\t\t\t\t\t\t\t\t\t\t\t\t\t\t\t<\/div>\n\t\t\t\t<\/div>\n\t\t\t\t<div class=\"elementor-element elementor-element-2e6b7b2 elementor-align-center elementor-widget elementor-widget-button\" data-id=\"2e6b7b2\" data-element_type=\"widget\" data-e-type=\"widget\" data-widget_type=\"button.default\">\n\t\t\t\t<div class=\"elementor-widget-container\">\n\t\t\t\t\t\t\t\t\t<div class=\"elementor-button-wrapper\">\n\t\t\t\t\t<a class=\"elementor-button elementor-button-link elementor-size-sm\" href=\"https:\/\/copperry.com\/wp-content\/uploads\/2024\/09\/China-Classification-Society-CCS-Factory-Approval-Certificate.pdf\">\n\t\t\t\t\t\t<span class=\"elementor-button-content-wrapper\">\n\t\t\t\t\t\t\t\t\t<span class=\"elementor-button-text\">Download do certificado CCS<\/span>\n\t\t\t\t\t<\/span>\n\t\t\t\t\t<\/a>\n\t\t\t\t<\/div>\n\t\t\t\t\t\t\t\t<\/div>\n\t\t\t\t<\/div>\n\t\t\t\t\t<\/div>\n\t\t<\/div>\n\t\t\t\t<div class=\"elementor-column elementor-col-33 elementor-top-column elementor-element elementor-element-cddb50a\" data-id=\"cddb50a\" data-element_type=\"column\" data-e-type=\"column\">\n\t\t\t<div class=\"elementor-widget-wrap elementor-element-populated\">\n\t\t\t\t\t\t<div class=\"elementor-element elementor-element-16e70f6 elementor-widget elementor-widget-image\" data-id=\"16e70f6\" data-element_type=\"widget\" data-e-type=\"widget\" data-widget_type=\"image.default\">\n\t\t\t\t<div class=\"elementor-widget-container\">\n\t\t\t\t\t\t\t\t\t\t\t\t\t\t\t<img decoding=\"async\" width=\"400\" height=\"550\" src=\"https:\/\/copperry.com\/wp-content\/uploads\/2024\/09\/DNV-approval-of-manufacturer-certificate-.jpg\" class=\"attachment-large size-large wp-image-8535\" alt=\"Acess\u00f3rios para tubos de cobre e n\u00edquel Certificado de aprova\u00e7\u00e3o do fabricante pela DNV\" srcset=\"https:\/\/copperry.com\/wp-content\/uploads\/2024\/09\/DNV-approval-of-manufacturer-certificate-.jpg 400w, https:\/\/copperry.com\/wp-content\/uploads\/2024\/09\/DNV-approval-of-manufacturer-certificate--218x300.jpg 218w\" sizes=\"(max-width: 400px) 100vw, 400px\" \/>\t\t\t\t\t\t\t\t\t\t\t\t\t\t\t<\/div>\n\t\t\t\t<\/div>\n\t\t\t\t<div class=\"elementor-element elementor-element-d4b2ee1 elementor-align-center elementor-widget elementor-widget-button\" data-id=\"d4b2ee1\" data-element_type=\"widget\" data-e-type=\"widget\" data-widget_type=\"button.default\">\n\t\t\t\t<div class=\"elementor-widget-container\">\n\t\t\t\t\t\t\t\t\t<div class=\"elementor-button-wrapper\">\n\t\t\t\t\t<a class=\"elementor-button elementor-button-link elementor-size-sm\" href=\"https:\/\/copperry.com\/wp-content\/uploads\/2024\/09\/DNV-approval-of-manufacturer-certificate-.pdf\">\n\t\t\t\t\t\t<span class=\"elementor-button-content-wrapper\">\n\t\t\t\t\t\t\t\t\t<span class=\"elementor-button-text\">Download do certificado DNV-GL<\/span>\n\t\t\t\t\t<\/span>\n\t\t\t\t\t<\/a>\n\t\t\t\t<\/div>\n\t\t\t\t\t\t\t\t<\/div>\n\t\t\t\t<\/div>\n\t\t\t\t\t<\/div>\n\t\t<\/div>\n\t\t\t\t\t<\/div>\n\t\t<\/section>\n\t\t\t\t<section class=\"elementor-section elementor-top-section elementor-element elementor-element-8bb1076 elementor-section-boxed elementor-section-height-default elementor-section-height-default\" data-id=\"8bb1076\" data-element_type=\"section\" data-e-type=\"section\">\n\t\t\t\t\t\t<div class=\"elementor-container elementor-column-gap-default\">\n\t\t\t\t\t<div class=\"elementor-column elementor-col-33 elementor-top-column elementor-element elementor-element-7dcfe61\" data-id=\"7dcfe61\" data-element_type=\"column\" data-e-type=\"column\">\n\t\t\t<div class=\"elementor-widget-wrap elementor-element-populated\">\n\t\t\t\t\t\t<div class=\"elementor-element elementor-element-4716034 elementor-widget elementor-widget-image\" data-id=\"4716034\" data-element_type=\"widget\" data-e-type=\"widget\" data-widget_type=\"image.default\">\n\t\t\t\t<div class=\"elementor-widget-container\">\n\t\t\t\t\t\t\t\t\t\t\t\t\t\t\t<img loading=\"lazy\" decoding=\"async\" width=\"400\" height=\"550\" src=\"https:\/\/copperry.com\/wp-content\/uploads\/2024\/10\/Lloyds-Register-LR-CERT.jpg\" class=\"attachment-large size-large wp-image-8845\" alt=\"Lloyd&#039;s Register (LR) CERT\" srcset=\"https:\/\/copperry.com\/wp-content\/uploads\/2024\/10\/Lloyds-Register-LR-CERT.jpg 400w, https:\/\/copperry.com\/wp-content\/uploads\/2024\/10\/Lloyds-Register-LR-CERT-218x300.jpg 218w\" sizes=\"(max-width: 400px) 100vw, 400px\" \/>\t\t\t\t\t\t\t\t\t\t\t\t\t\t\t<\/div>\n\t\t\t\t<\/div>\n\t\t\t\t<div class=\"elementor-element elementor-element-4c479ae elementor-align-center elementor-widget elementor-widget-button\" data-id=\"4c479ae\" data-element_type=\"widget\" data-e-type=\"widget\" data-widget_type=\"button.default\">\n\t\t\t\t<div class=\"elementor-widget-container\">\n\t\t\t\t\t\t\t\t\t<div class=\"elementor-button-wrapper\">\n\t\t\t\t\t<a class=\"elementor-button elementor-button-link elementor-size-sm\" href=\"https:\/\/copperry.com\/wp-content\/uploads\/2024\/10\/Lloyds-Register-LR-CERT.pdf\">\n\t\t\t\t\t\t<span class=\"elementor-button-content-wrapper\">\n\t\t\t\t\t\t\t\t\t<span class=\"elementor-button-text\">Download do certificado LR<\/span>\n\t\t\t\t\t<\/span>\n\t\t\t\t\t<\/a>\n\t\t\t\t<\/div>\n\t\t\t\t\t\t\t\t<\/div>\n\t\t\t\t<\/div>\n\t\t\t\t\t<\/div>\n\t\t<\/div>\n\t\t\t\t<div class=\"elementor-column elementor-col-33 elementor-top-column elementor-element elementor-element-9a9e511\" data-id=\"9a9e511\" data-element_type=\"column\" data-e-type=\"column\">\n\t\t\t<div class=\"elementor-widget-wrap elementor-element-populated\">\n\t\t\t\t\t\t<div class=\"elementor-element elementor-element-ec29e3f elementor-widget elementor-widget-image\" data-id=\"ec29e3f\" data-element_type=\"widget\" data-e-type=\"widget\" data-widget_type=\"image.default\">\n\t\t\t\t<div class=\"elementor-widget-container\">\n\t\t\t\t\t\t\t\t\t\t\t\t\t\t\t<img loading=\"lazy\" decoding=\"async\" width=\"400\" height=\"550\" src=\"https:\/\/copperry.com\/wp-content\/uploads\/2024\/10\/CERTIFICATE-OF-CONFORMITY-OF-QUALITY-MANAGEMENT-SYSTEM-CERTIFICATION.jpg\" class=\"attachment-large size-large wp-image-8846\" alt=\"\" srcset=\"https:\/\/copperry.com\/wp-content\/uploads\/2024\/10\/CERTIFICATE-OF-CONFORMITY-OF-QUALITY-MANAGEMENT-SYSTEM-CERTIFICATION.jpg 400w, https:\/\/copperry.com\/wp-content\/uploads\/2024\/10\/CERTIFICATE-OF-CONFORMITY-OF-QUALITY-MANAGEMENT-SYSTEM-CERTIFICATION-218x300.jpg 218w\" sizes=\"(max-width: 400px) 100vw, 400px\" \/>\t\t\t\t\t\t\t\t\t\t\t\t\t\t\t<\/div>\n\t\t\t\t<\/div>\n\t\t\t\t<div class=\"elementor-element elementor-element-9d4b39d elementor-align-center elementor-widget elementor-widget-button\" data-id=\"9d4b39d\" data-element_type=\"widget\" data-e-type=\"widget\" data-widget_type=\"button.default\">\n\t\t\t\t<div class=\"elementor-widget-container\">\n\t\t\t\t\t\t\t\t\t<div class=\"elementor-button-wrapper\">\n\t\t\t\t\t<a class=\"elementor-button elementor-button-link elementor-size-sm\" href=\"https:\/\/copperry.com\/wp-content\/uploads\/2024\/10\/CERTIFICATE-OF-CONFORMITY-OF-QUALITY-MANAGEMENT-SYSTEM-CERTIFICATION.pdf\">\n\t\t\t\t\t\t<span class=\"elementor-button-content-wrapper\">\n\t\t\t\t\t\t\t\t\t<span class=\"elementor-button-text\">Download do certificado de qualidade<\/span>\n\t\t\t\t\t<\/span>\n\t\t\t\t\t<\/a>\n\t\t\t\t<\/div>\n\t\t\t\t\t\t\t\t<\/div>\n\t\t\t\t<\/div>\n\t\t\t\t\t<\/div>\n\t\t<\/div>\n\t\t\t\t<div class=\"elementor-column elementor-col-33 elementor-top-column elementor-element elementor-element-9cc3a72\" data-id=\"9cc3a72\" data-element_type=\"column\" data-e-type=\"column\">\n\t\t\t<div class=\"elementor-widget-wrap elementor-element-populated\">\n\t\t\t\t\t\t<div class=\"elementor-element elementor-element-5b16132 elementor-widget elementor-widget-image\" data-id=\"5b16132\" data-element_type=\"widget\" data-e-type=\"widget\" data-widget_type=\"image.default\">\n\t\t\t\t<div class=\"elementor-widget-container\">\n\t\t\t\t\t\t\t\t\t\t\t\t\t\t\t<img loading=\"lazy\" decoding=\"async\" width=\"400\" height=\"500\" src=\"https:\/\/copperry.com\/wp-content\/uploads\/2024\/11\/CuNi10Fe1.6Mn-Welding-Inner-Flange-Test-Report.jpg\" class=\"attachment-large size-large wp-image-8951\" alt=\"Relat\u00f3rio de teste de flange interno de soldagem CuNi10Fe1.6Mn\" srcset=\"https:\/\/copperry.com\/wp-content\/uploads\/2024\/11\/CuNi10Fe1.6Mn-Welding-Inner-Flange-Test-Report.jpg 400w, https:\/\/copperry.com\/wp-content\/uploads\/2024\/11\/CuNi10Fe1.6Mn-Welding-Inner-Flange-Test-Report-240x300.jpg 240w\" sizes=\"(max-width: 400px) 100vw, 400px\" \/>\t\t\t\t\t\t\t\t\t\t\t\t\t\t\t<\/div>\n\t\t\t\t<\/div>\n\t\t\t\t<div class=\"elementor-element elementor-element-ace78a5 elementor-align-center elementor-widget elementor-widget-button\" data-id=\"ace78a5\" data-element_type=\"widget\" data-e-type=\"widget\" data-widget_type=\"button.default\">\n\t\t\t\t<div class=\"elementor-widget-container\">\n\t\t\t\t\t\t\t\t\t<div class=\"elementor-button-wrapper\">\n\t\t\t\t\t<a class=\"elementor-button elementor-button-link elementor-size-sm\" href=\"https:\/\/copperry.com\/wp-content\/uploads\/2024\/11\/CuNi10Fe1.6Mn-Welding-Inner-Flange-Test-Report.pdf\">\n\t\t\t\t\t\t<span class=\"elementor-button-content-wrapper\">\n\t\t\t\t\t\t\t\t\t<span class=\"elementor-button-text\">download de certificados de teste<\/span>\n\t\t\t\t\t<\/span>\n\t\t\t\t\t<\/a>\n\t\t\t\t<\/div>\n\t\t\t\t\t\t\t\t<\/div>\n\t\t\t\t<\/div>\n\t\t\t\t\t<\/div>\n\t\t<\/div>\n\t\t\t\t\t<\/div>\n\t\t<\/section>\n\t\t\t\t<section class=\"elementor-section elementor-top-section elementor-element elementor-element-fd40a61 elementor-section-boxed elementor-section-height-default elementor-section-height-default\" data-id=\"fd40a61\" data-element_type=\"section\" data-e-type=\"section\">\n\t\t\t\t\t\t<div class=\"elementor-container elementor-column-gap-default\">\n\t\t\t\t\t<div class=\"elementor-column elementor-col-33 elementor-top-column elementor-element elementor-element-ab8b604\" data-id=\"ab8b604\" data-element_type=\"column\" data-e-type=\"column\">\n\t\t\t<div class=\"elementor-widget-wrap elementor-element-populated\">\n\t\t\t\t\t\t<div class=\"elementor-element elementor-element-52812e0 elementor-widget elementor-widget-image\" data-id=\"52812e0\" data-element_type=\"widget\" data-e-type=\"widget\" data-widget_type=\"image.default\">\n\t\t\t\t<div class=\"elementor-widget-container\">\n\t\t\t\t\t\t\t\t\t\t\t\t\t\t\t<img loading=\"lazy\" decoding=\"async\" width=\"400\" height=\"550\" src=\"https:\/\/copperry.com\/wp-content\/uploads\/2024\/10\/Lloyds-Register-LR-CERT.jpg\" class=\"attachment-large size-large wp-image-8845\" alt=\"Lloyd&#039;s Register (LR) CERT\" srcset=\"https:\/\/copperry.com\/wp-content\/uploads\/2024\/10\/Lloyds-Register-LR-CERT.jpg 400w, https:\/\/copperry.com\/wp-content\/uploads\/2024\/10\/Lloyds-Register-LR-CERT-218x300.jpg 218w\" sizes=\"(max-width: 400px) 100vw, 400px\" \/>\t\t\t\t\t\t\t\t\t\t\t\t\t\t\t<\/div>\n\t\t\t\t<\/div>\n\t\t\t\t<div class=\"elementor-element elementor-element-9cba00c elementor-align-center elementor-widget elementor-widget-button\" data-id=\"9cba00c\" data-element_type=\"widget\" data-e-type=\"widget\" data-widget_type=\"button.default\">\n\t\t\t\t<div class=\"elementor-widget-container\">\n\t\t\t\t\t\t\t\t\t<div class=\"elementor-button-wrapper\">\n\t\t\t\t\t<a class=\"elementor-button elementor-button-link elementor-size-sm\" href=\"https:\/\/copperry.com\/wp-content\/uploads\/2024\/10\/Lloyds-Register-LR-CERT.pdf\">\n\t\t\t\t\t\t<span class=\"elementor-button-content-wrapper\">\n\t\t\t\t\t\t\t\t\t<span class=\"elementor-button-text\">Download do certificado LR<\/span>\n\t\t\t\t\t<\/span>\n\t\t\t\t\t<\/a>\n\t\t\t\t<\/div>\n\t\t\t\t\t\t\t\t<\/div>\n\t\t\t\t<\/div>\n\t\t\t\t\t<\/div>\n\t\t<\/div>\n\t\t\t\t<div class=\"elementor-column elementor-col-33 elementor-top-column elementor-element elementor-element-91b4c6b\" data-id=\"91b4c6b\" data-element_type=\"column\" data-e-type=\"column\">\n\t\t\t<div class=\"elementor-widget-wrap\">\n\t\t\t\t\t\t\t<\/div>\n\t\t<\/div>\n\t\t\t\t<div class=\"elementor-column elementor-col-33 elementor-top-column elementor-element elementor-element-7429cf0\" data-id=\"7429cf0\" data-element_type=\"column\" data-e-type=\"column\">\n\t\t\t<div class=\"elementor-widget-wrap\">\n\t\t\t\t\t\t\t<\/div>\n\t\t<\/div>\n\t\t\t\t\t<\/div>\n\t\t<\/section>\n\t\t\t\t<\/div>","protected":false},"excerpt":{"rendered":"<p>Download Below are the certificates of approval and test reports obtained by our company for copper-nickel fittings and flanges, which you can download for reference. catalog download CCS Certificate download DNV-GL Certificate download LR Certificate download Quality Certificate download test certificates download LR Certificate download<\/p>","protected":false},"author":1,"featured_media":0,"parent":0,"menu_order":0,"comment_status":"closed","ping_status":"closed","template":"elementor_header_footer","meta":{"footnotes":""},"class_list":["post-8288","page","type-page","status-publish","hentry"],"_links":{"self":[{"href":"https:\/\/copperry.com\/pt\/wp-json\/wp\/v2\/pages\/8288","targetHints":{"allow":["GET"]}}],"collection":[{"href":"https:\/\/copperry.com\/pt\/wp-json\/wp\/v2\/pages"}],"about":[{"href":"https:\/\/copperry.com\/pt\/wp-json\/wp\/v2\/types\/page"}],"author":[{"embeddable":true,"href":"https:\/\/copperry.com\/pt\/wp-json\/wp\/v2\/users\/1"}],"replies":[{"embeddable":true,"href":"https:\/\/copperry.com\/pt\/wp-json\/wp\/v2\/comments?post=8288"}],"version-history":[{"count":79,"href":"https:\/\/copperry.com\/pt\/wp-json\/wp\/v2\/pages\/8288\/revisions"}],"predecessor-version":[{"id":10258,"href":"https:\/\/copperry.com\/pt\/wp-json\/wp\/v2\/pages\/8288\/revisions\/10258"}],"wp:attachment":[{"href":"https:\/\/copperry.com\/pt\/wp-json\/wp\/v2\/media?parent=8288"}],"curies":[{"name":"wp","href":"https:\/\/api.w.org\/{rel}","templated":true}]}}