{"id":7003,"date":"2023-08-08T16:11:05","date_gmt":"2023-08-08T08:11:05","guid":{"rendered":"https:\/\/copperry.com\/?page_id=7003"},"modified":"2023-08-10T16:59:41","modified_gmt":"2023-08-10T08:59:41","slug":"author","status":"publish","type":"page","link":"https:\/\/copperry.com\/pt\/autor\/","title":{"rendered":"autor"},"content":{"rendered":"<div data-elementor-type=\"wp-page\" data-elementor-id=\"7003\" class=\"elementor elementor-7003\" data-elementor-post-type=\"page\">\n\t\t\t\t\t\t<section class=\"elementor-section elementor-top-section elementor-element elementor-element-cb64bcd elementor-section-boxed elementor-section-height-default elementor-section-height-default\" data-id=\"cb64bcd\" data-element_type=\"section\" data-e-type=\"section\">\n\t\t\t\t\t\t<div class=\"elementor-container elementor-column-gap-default\">\n\t\t\t\t\t<div class=\"elementor-column elementor-col-50 elementor-top-column elementor-element elementor-element-294f3cf\" data-id=\"294f3cf\" data-element_type=\"column\" data-e-type=\"column\">\n\t\t\t<div class=\"elementor-widget-wrap elementor-element-populated\">\n\t\t\t\t\t\t<div class=\"elementor-element elementor-element-22d41ee elementor-widget elementor-widget-heading\" data-id=\"22d41ee\" data-element_type=\"widget\" data-e-type=\"widget\" data-widget_type=\"heading.default\">\n\t\t\t\t<div class=\"elementor-widget-container\">\n\t\t\t\t\t<h1 class=\"elementor-heading-title elementor-size-default\">sobre alan duan<\/h1>\t\t\t\t<\/div>\n\t\t\t\t<\/div>\n\t\t\t\t<div class=\"elementor-element elementor-element-cfcd6c3 elementor-widget elementor-widget-text-editor\" data-id=\"cfcd6c3\" data-element_type=\"widget\" data-e-type=\"widget\" data-widget_type=\"text-editor.default\">\n\t\t\t\t<div class=\"elementor-widget-container\">\n\t\t\t\t\t\t\t\t\t<p>Ol\u00e1, sou o webmaster deste site, Alan Duan.<\/p><p>Trabalho com vendas de tubos de cobre e n\u00edquel e com gerenciamento de projetos h\u00e1 11 anos. Conquistei a confian\u00e7a de centenas de clientes que fornecem tubos e conex\u00f5es de cobre e n\u00edquel.<\/p><p>Recebi alguns pedidos em meu primeiro ano na empresa. Negocia\u00e7\u00e3o de pedidos, produ\u00e7\u00e3o, entrega e p\u00f3s-venda. Continuo aprendendo com a tecnologia de nossa empresa e com meus clientes.<\/p><p>Entrei na COPPERRY em 2012, depois de me formar na faculdade. No in\u00edcio, eu n\u00e3o entendia os acess\u00f3rios de cobre e n\u00edquel. Eu tinha que ir \u00e0 oficina diariamente para pedir a trabalhadores experientes que me ensinassem o processo de produ\u00e7\u00e3o. Esse processo era dif\u00edcil porque eu tinha que aprender muito sobre o conhecimento do produto diariamente.<\/p><p>Quanto mais projetos eu realizava, mais experi\u00eancia adquiria com as conex\u00f5es de cobre e n\u00edquel. Depois de alguns anos, eu era um especialista em minha \u00e1rea. Sou especialista em tubos de cobre-n\u00edquel, flanges de cobre-n\u00edquel e conex\u00f5es de cobre-n\u00edquel.<\/p><p>Ao conversar com nossos clientes, nos deparamos com perguntas sobre tubos de cobre-n\u00edquel. Quero colocar essas perguntas e respostas no site para ajudar outras pessoas.<\/p><p>A COPPERRY \u00e9 um fabricante com alta compet\u00eancia profissional. Quero criar conte\u00fado profissional no site para promover os tubos de cobre e n\u00edquel para nossos clientes em potencial.<\/p><p>Estou tentando ajud\u00e1-lo com este site sobre ligas de cobre e n\u00edquel. Voc\u00ea tamb\u00e9m pode entrar em contato comigo diretamente se tiver d\u00favidas.<\/p>\t\t\t\t\t\t\t\t<\/div>\n\t\t\t\t<\/div>\n\t\t\t\t<div class=\"elementor-element elementor-element-6149d24 elementor-widget elementor-widget-heading\" data-id=\"6149d24\" data-element_type=\"widget\" data-e-type=\"widget\" data-widget_type=\"heading.default\">\n\t\t\t\t<div class=\"elementor-widget-container\">\n\t\t\t\t\t<h2 class=\"elementor-heading-title elementor-size-default\">Minhas outras plataformas sociais<\/h2>\t\t\t\t<\/div>\n\t\t\t\t<\/div>\n\t\t\t\t<div class=\"elementor-element elementor-element-08ad6eb elementor-widget elementor-widget-text-editor\" data-id=\"08ad6eb\" data-element_type=\"widget\" data-e-type=\"widget\" data-widget_type=\"text-editor.default\">\n\t\t\t\t<div class=\"elementor-widget-container\">\n\t\t\t\t\t\t\t\t\t<p><a href=\"https:\/\/www.linkedin.com\/in\/alan-duan-3b630123b\/\" target=\"_blank\" rel=\"noopener\">Linkedin \uff1alinkedin.com\/in\/alanduan2023\/<\/a><\/p>\t\t\t\t\t\t\t\t<\/div>\n\t\t\t\t<\/div>\n\t\t\t\t<div class=\"elementor-element elementor-element-cadd1b9 elementor-widget elementor-widget-text-editor\" data-id=\"cadd1b9\" data-element_type=\"widget\" data-e-type=\"widget\" data-widget_type=\"text-editor.default\">\n\t\t\t\t<div class=\"elementor-widget-container\">\n\t\t\t\t\t\t\t\t\t<p><a href=\"https:\/\/www.youtube.com\/channel\/UC3sh_tpuNT5mwVCoZrQei8g\" target=\"_blank\" rel=\"noopener\">Meu canal no YouTube<\/a><\/p>\t\t\t\t\t\t\t\t<\/div>\n\t\t\t\t<\/div>\n\t\t\t\t<div class=\"elementor-element elementor-element-9c05b21 elementor-widget elementor-widget-heading\" data-id=\"9c05b21\" data-element_type=\"widget\" data-e-type=\"widget\" data-widget_type=\"heading.default\">\n\t\t\t\t<div class=\"elementor-widget-container\">\n\t\t\t\t\t<h2 class=\"elementor-heading-title elementor-size-default\">Entre em contato comigo<\/h2>\t\t\t\t<\/div>\n\t\t\t\t<\/div>\n\t\t\t\t<div class=\"elementor-element elementor-element-e4b43d6 elementor-widget elementor-widget-text-editor\" data-id=\"e4b43d6\" data-element_type=\"widget\" data-e-type=\"widget\" data-widget_type=\"text-editor.default\">\n\t\t\t\t<div class=\"elementor-widget-container\">\n\t\t\t\t\t\t\t\t\t<p>ID do Wechat: dpd2016<\/p>\t\t\t\t\t\t\t\t<\/div>\n\t\t\t\t<\/div>\n\t\t\t\t<div class=\"elementor-element elementor-element-1f60c49 elementor-widget elementor-widget-text-editor\" data-id=\"1f60c49\" data-element_type=\"widget\" data-e-type=\"widget\" data-widget_type=\"text-editor.default\">\n\t\t\t\t<div class=\"elementor-widget-container\">\n\t\t\t\t\t\t\t\t\t<p>E-mail\uff1asales@copperry.com<\/p>\t\t\t\t\t\t\t\t<\/div>\n\t\t\t\t<\/div>\n\t\t\t\t\t<\/div>\n\t\t<\/div>\n\t\t\t\t<div class=\"elementor-column elementor-col-50 elementor-top-column elementor-element elementor-element-ecd3235\" data-id=\"ecd3235\" data-element_type=\"column\" data-e-type=\"column\">\n\t\t\t<div class=\"elementor-widget-wrap elementor-element-populated\">\n\t\t\t\t\t\t<div class=\"elementor-element elementor-element-01a7385 elementor-widget elementor-widget-image\" data-id=\"01a7385\" data-element_type=\"widget\" data-e-type=\"widget\" data-widget_type=\"image.default\">\n\t\t\t\t<div class=\"elementor-widget-container\">\n\t\t\t\t\t\t\t\t\t\t\t\t\t\t\t<img fetchpriority=\"high\" decoding=\"async\" width=\"300\" height=\"300\" src=\"https:\/\/copperry.com\/wp-content\/uploads\/2023\/08\/author-copperry.com_.jpg\" class=\"attachment-large size-large wp-image-7011\" alt=\"autor copperry.com\" srcset=\"https:\/\/copperry.com\/wp-content\/uploads\/2023\/08\/author-copperry.com_.jpg 300w, https:\/\/copperry.com\/wp-content\/uploads\/2023\/08\/author-copperry.com_-150x150.jpg 150w, https:\/\/copperry.com\/wp-content\/uploads\/2023\/08\/author-copperry.com_-100x100.jpg 100w\" sizes=\"(max-width: 300px) 100vw, 300px\" \/>\t\t\t\t\t\t\t\t\t\t\t\t\t\t\t<\/div>\n\t\t\t\t<\/div>\n\t\t\t\t\t<\/div>\n\t\t<\/div>\n\t\t\t\t\t<\/div>\n\t\t<\/section>\n\t\t\t\t<section class=\"elementor-section elementor-top-section elementor-element elementor-element-5ab1289 elementor-section-boxed elementor-section-height-default elementor-section-height-default\" data-id=\"5ab1289\" data-element_type=\"section\" data-e-type=\"section\">\n\t\t\t\t\t\t<div class=\"elementor-container elementor-column-gap-default\">\n\t\t\t\t\t<div class=\"elementor-column elementor-col-100 elementor-top-column elementor-element elementor-element-f0b14d4\" data-id=\"f0b14d4\" data-element_type=\"column\" data-e-type=\"column\">\n\t\t\t<div class=\"elementor-widget-wrap\">\n\t\t\t\t\t\t\t<\/div>\n\t\t<\/div>\n\t\t\t\t\t<\/div>\n\t\t<\/section>\n\t\t\t\t<\/div>","protected":false},"excerpt":{"rendered":"<p>sobre alan duan Ol\u00e1, sou o webmaster deste site, Alan Duan. Trabalho com vendas de tubos de cobre e n\u00edquel e com gerenciamento de projetos h\u00e1 11 anos. Conquistei a confian\u00e7a de centenas de clientes fornecendo tubos e conex\u00f5es de cobre e n\u00edquel. Recebi alguns pedidos em meu primeiro ano na empresa. Pedido [...]<\/p>","protected":false},"author":1,"featured_media":0,"parent":0,"menu_order":0,"comment_status":"closed","ping_status":"closed","template":"elementor_header_footer","meta":{"footnotes":""},"class_list":["post-7003","page","type-page","status-publish","hentry"],"_links":{"self":[{"href":"https:\/\/copperry.com\/pt\/wp-json\/wp\/v2\/pages\/7003","targetHints":{"allow":["GET"]}}],"collection":[{"href":"https:\/\/copperry.com\/pt\/wp-json\/wp\/v2\/pages"}],"about":[{"href":"https:\/\/copperry.com\/pt\/wp-json\/wp\/v2\/types\/page"}],"author":[{"embeddable":true,"href":"https:\/\/copperry.com\/pt\/wp-json\/wp\/v2\/users\/1"}],"replies":[{"embeddable":true,"href":"https:\/\/copperry.com\/pt\/wp-json\/wp\/v2\/comments?post=7003"}],"version-history":[{"count":58,"href":"https:\/\/copperry.com\/pt\/wp-json\/wp\/v2\/pages\/7003\/revisions"}],"predecessor-version":[{"id":7064,"href":"https:\/\/copperry.com\/pt\/wp-json\/wp\/v2\/pages\/7003\/revisions\/7064"}],"wp:attachment":[{"href":"https:\/\/copperry.com\/pt\/wp-json\/wp\/v2\/media?parent=7003"}],"curies":[{"name":"wp","href":"https:\/\/api.w.org\/{rel}","templated":true}]}}