{"id":3524,"date":"2023-01-21T09:34:00","date_gmt":"2023-01-21T01:34:00","guid":{"rendered":"https:\/\/copperry.com\/?page_id=3524"},"modified":"2023-02-08T13:02:29","modified_gmt":"2023-02-08T05:02:29","slug":"certificates","status":"publish","type":"page","link":"https:\/\/copperry.com\/pt\/certificados\/","title":{"rendered":"Certificados"},"content":{"rendered":"<div data-elementor-type=\"wp-page\" data-elementor-id=\"3524\" class=\"elementor elementor-3524\" data-elementor-post-type=\"page\">\n\t\t\t\t\t\t<section class=\"elementor-section elementor-top-section elementor-element elementor-element-c08cb92 elementor-section-full_width elementor-section-height-default elementor-section-height-default\" data-id=\"c08cb92\" data-element_type=\"section\" data-e-type=\"section\" data-settings=\"{&quot;background_background&quot;:&quot;classic&quot;}\">\n\t\t\t\t\t\t\t<div class=\"elementor-background-overlay\"><\/div>\n\t\t\t\t\t\t\t<div class=\"elementor-container elementor-column-gap-default\">\n\t\t\t\t\t<div class=\"elementor-column elementor-col-100 elementor-top-column elementor-element elementor-element-c5caf13\" data-id=\"c5caf13\" data-element_type=\"column\" data-e-type=\"column\">\n\t\t\t<div class=\"elementor-widget-wrap elementor-element-populated\">\n\t\t\t\t\t\t<div class=\"elementor-element elementor-element-96540af elementor-widget elementor-widget-heading\" data-id=\"96540af\" data-element_type=\"widget\" data-e-type=\"widget\" data-widget_type=\"heading.default\">\n\t\t\t\t<div class=\"elementor-widget-container\">\n\t\t\t\t\t<h1 class=\"elementor-heading-title elementor-size-default\">Certificados<\/h1>\t\t\t\t<\/div>\n\t\t\t\t<\/div>\n\t\t\t\t<div class=\"elementor-element elementor-element-b92bd48 elementor-widget elementor-widget-text-editor\" data-id=\"b92bd48\" data-element_type=\"widget\" data-e-type=\"widget\" data-widget_type=\"text-editor.default\">\n\t\t\t\t<div class=\"elementor-widget-container\">\n\t\t\t\t\t\t\t\t\t<p>Fundamos a COPPERRY em 1997. A COPPERRY tamb\u00e9m fabrica conex\u00f5es de cobre e n\u00edquel h\u00e1 mais de 20 anos.<\/p><p>Por meio dos esfor\u00e7os do pessoal da COPPERRY, obtivemos aprova\u00e7\u00e3o formal das sociedades classificadoras LR, DNV, ABS e CCS.<\/p>\t\t\t\t\t\t\t\t<\/div>\n\t\t\t\t<\/div>\n\t\t\t\t\t<\/div>\n\t\t<\/div>\n\t\t\t\t\t<\/div>\n\t\t<\/section>\n\t\t\t\t<section class=\"elementor-section elementor-top-section elementor-element elementor-element-3ec8184 elementor-section-boxed elementor-section-height-default elementor-section-height-default\" data-id=\"3ec8184\" data-element_type=\"section\" data-e-type=\"section\">\n\t\t\t\t\t\t<div class=\"elementor-container elementor-column-gap-default\">\n\t\t\t\t\t<div class=\"elementor-column elementor-col-100 elementor-top-column elementor-element elementor-element-0bc30a3\" data-id=\"0bc30a3\" data-element_type=\"column\" data-e-type=\"column\">\n\t\t\t<div class=\"elementor-widget-wrap elementor-element-populated\">\n\t\t\t\t\t\t<section class=\"elementor-section elementor-inner-section elementor-element elementor-element-d5d547b elementor-section-boxed elementor-section-height-default elementor-section-height-default\" data-id=\"d5d547b\" data-element_type=\"section\" data-e-type=\"section\">\n\t\t\t\t\t\t<div class=\"elementor-container elementor-column-gap-default\">\n\t\t\t\t\t<div class=\"elementor-column elementor-col-33 elementor-inner-column elementor-element elementor-element-e2d8f22\" data-id=\"e2d8f22\" data-element_type=\"column\" data-e-type=\"column\">\n\t\t\t<div class=\"elementor-widget-wrap elementor-element-populated\">\n\t\t\t\t\t\t<div class=\"elementor-element elementor-element-dad965d elementor-widget elementor-widget-image\" data-id=\"dad965d\" data-element_type=\"widget\" data-e-type=\"widget\" data-widget_type=\"image.default\">\n\t\t\t\t<div class=\"elementor-widget-container\">\n\t\t\t\t\t\t\t\t\t\t\t\t\t\t\t<img fetchpriority=\"high\" decoding=\"async\" width=\"400\" height=\"600\" src=\"https:\/\/copperry.com\/wp-content\/uploads\/2023\/02\/copper-nickel-fittings-CCS-type-approval.jpg\" class=\"attachment-large size-large wp-image-4139\" alt=\"Conex\u00f5es de cobre e n\u00edquel Aprova\u00e7\u00e3o do tipo CCS\" srcset=\"https:\/\/copperry.com\/wp-content\/uploads\/2023\/02\/copper-nickel-fittings-CCS-type-approval.jpg 400w, https:\/\/copperry.com\/wp-content\/uploads\/2023\/02\/copper-nickel-fittings-CCS-type-approval-200x300.jpg 200w\" sizes=\"(max-width: 400px) 100vw, 400px\" \/>\t\t\t\t\t\t\t\t\t\t\t\t\t\t\t<\/div>\n\t\t\t\t<\/div>\n\t\t\t\t<div class=\"elementor-element elementor-element-223ea74 elementor-widget elementor-widget-heading\" data-id=\"223ea74\" data-element_type=\"widget\" data-e-type=\"widget\" data-widget_type=\"heading.default\">\n\t\t\t\t<div class=\"elementor-widget-container\">\n\t\t\t\t\t<h2 class=\"elementor-heading-title elementor-size-default\">Aprova\u00e7\u00e3o do tipo CCS <\/h2>\t\t\t\t<\/div>\n\t\t\t\t<\/div>\n\t\t\t\t\t<\/div>\n\t\t<\/div>\n\t\t\t\t<div class=\"elementor-column elementor-col-33 elementor-inner-column elementor-element elementor-element-734656a\" data-id=\"734656a\" data-element_type=\"column\" data-e-type=\"column\">\n\t\t\t<div class=\"elementor-widget-wrap elementor-element-populated\">\n\t\t\t\t\t\t<div class=\"elementor-element elementor-element-529b63b elementor-widget elementor-widget-image\" data-id=\"529b63b\" data-element_type=\"widget\" data-e-type=\"widget\" data-widget_type=\"image.default\">\n\t\t\t\t<div class=\"elementor-widget-container\">\n\t\t\t\t\t\t\t\t\t\t\t\t\t\t\t<img decoding=\"async\" width=\"400\" height=\"600\" src=\"https:\/\/copperry.com\/wp-content\/uploads\/2023\/02\/copper-nickel-fittings-ISO9001.jpg\" class=\"attachment-large size-large wp-image-4140\" alt=\"Conex\u00f5es de cobre e n\u00edquel ISO9001\" srcset=\"https:\/\/copperry.com\/wp-content\/uploads\/2023\/02\/copper-nickel-fittings-ISO9001.jpg 400w, https:\/\/copperry.com\/wp-content\/uploads\/2023\/02\/copper-nickel-fittings-ISO9001-200x300.jpg 200w\" sizes=\"(max-width: 400px) 100vw, 400px\" \/>\t\t\t\t\t\t\t\t\t\t\t\t\t\t\t<\/div>\n\t\t\t\t<\/div>\n\t\t\t\t<div class=\"elementor-element elementor-element-b231ab9 elementor-widget elementor-widget-heading\" data-id=\"b231ab9\" data-element_type=\"widget\" data-e-type=\"widget\" data-widget_type=\"heading.default\">\n\t\t\t\t<div class=\"elementor-widget-container\">\n\t\t\t\t\t<h2 class=\"elementor-heading-title elementor-size-default\">ISO 9001<\/h2>\t\t\t\t<\/div>\n\t\t\t\t<\/div>\n\t\t\t\t\t<\/div>\n\t\t<\/div>\n\t\t\t\t<div class=\"elementor-column elementor-col-33 elementor-inner-column elementor-element elementor-element-f90e0f6\" data-id=\"f90e0f6\" data-element_type=\"column\" data-e-type=\"column\">\n\t\t\t<div class=\"elementor-widget-wrap elementor-element-populated\">\n\t\t\t\t\t\t<div class=\"elementor-element elementor-element-cd28d71 elementor-widget elementor-widget-image\" data-id=\"cd28d71\" data-element_type=\"widget\" data-e-type=\"widget\" data-widget_type=\"image.default\">\n\t\t\t\t<div class=\"elementor-widget-container\">\n\t\t\t\t\t\t\t\t\t\t\t\t\t\t\t<img decoding=\"async\" width=\"400\" height=\"600\" src=\"https:\/\/copperry.com\/wp-content\/uploads\/2023\/02\/copper-nickel-fittings-ABS-type-approval.jpg\" class=\"attachment-large size-large wp-image-4138\" alt=\"Conex\u00f5es de cobre e n\u00edquel Aprova\u00e7\u00e3o do tipo ABS\" srcset=\"https:\/\/copperry.com\/wp-content\/uploads\/2023\/02\/copper-nickel-fittings-ABS-type-approval.jpg 400w, https:\/\/copperry.com\/wp-content\/uploads\/2023\/02\/copper-nickel-fittings-ABS-type-approval-200x300.jpg 200w\" sizes=\"(max-width: 400px) 100vw, 400px\" \/>\t\t\t\t\t\t\t\t\t\t\t\t\t\t\t<\/div>\n\t\t\t\t<\/div>\n\t\t\t\t<div class=\"elementor-element elementor-element-d39bc64 elementor-widget elementor-widget-heading\" data-id=\"d39bc64\" data-element_type=\"widget\" data-e-type=\"widget\" data-widget_type=\"heading.default\">\n\t\t\t\t<div class=\"elementor-widget-container\">\n\t\t\t\t\t<h2 class=\"elementor-heading-title elementor-size-default\">Aprova\u00e7\u00e3o do tipo ABS <\/h2>\t\t\t\t<\/div>\n\t\t\t\t<\/div>\n\t\t\t\t\t<\/div>\n\t\t<\/div>\n\t\t\t\t\t<\/div>\n\t\t<\/section>\n\t\t\t\t<section class=\"elementor-section elementor-inner-section elementor-element elementor-element-308ff7c elementor-section-boxed elementor-section-height-default elementor-section-height-default\" data-id=\"308ff7c\" data-element_type=\"section\" data-e-type=\"section\">\n\t\t\t\t\t\t<div class=\"elementor-container elementor-column-gap-default\">\n\t\t\t\t\t<div class=\"elementor-column elementor-col-50 elementor-inner-column elementor-element elementor-element-e121ebc\" data-id=\"e121ebc\" data-element_type=\"column\" data-e-type=\"column\">\n\t\t\t<div class=\"elementor-widget-wrap elementor-element-populated\">\n\t\t\t\t\t\t<div class=\"elementor-element elementor-element-85670d2 elementor-widget elementor-widget-image\" data-id=\"85670d2\" data-element_type=\"widget\" data-e-type=\"widget\" data-widget_type=\"image.default\">\n\t\t\t\t<div class=\"elementor-widget-container\">\n\t\t\t\t\t\t\t\t\t\t\t\t\t\t\t<img loading=\"lazy\" decoding=\"async\" width=\"400\" height=\"600\" src=\"https:\/\/copperry.com\/wp-content\/uploads\/2023\/02\/copper-nicekl-fittings-LR-type-approval.jpg\" class=\"attachment-large size-large wp-image-4137\" alt=\"\" srcset=\"https:\/\/copperry.com\/wp-content\/uploads\/2023\/02\/copper-nicekl-fittings-LR-type-approval.jpg 400w, https:\/\/copperry.com\/wp-content\/uploads\/2023\/02\/copper-nicekl-fittings-LR-type-approval-200x300.jpg 200w\" sizes=\"(max-width: 400px) 100vw, 400px\" \/>\t\t\t\t\t\t\t\t\t\t\t\t\t\t\t<\/div>\n\t\t\t\t<\/div>\n\t\t\t\t<div class=\"elementor-element elementor-element-edf5009 elementor-widget elementor-widget-heading\" data-id=\"edf5009\" data-element_type=\"widget\" data-e-type=\"widget\" data-widget_type=\"heading.default\">\n\t\t\t\t<div class=\"elementor-widget-container\">\n\t\t\t\t\t<h2 class=\"elementor-heading-title elementor-size-default\">Aprova\u00e7\u00e3o de tipo LR <\/h2>\t\t\t\t<\/div>\n\t\t\t\t<\/div>\n\t\t\t\t\t<\/div>\n\t\t<\/div>\n\t\t\t\t<div class=\"elementor-column elementor-col-50 elementor-inner-column elementor-element elementor-element-aff218f\" data-id=\"aff218f\" data-element_type=\"column\" data-e-type=\"column\">\n\t\t\t<div class=\"elementor-widget-wrap elementor-element-populated\">\n\t\t\t\t\t\t<div class=\"elementor-element elementor-element-12ae547 elementor-widget elementor-widget-image\" data-id=\"12ae547\" data-element_type=\"widget\" data-e-type=\"widget\" data-widget_type=\"image.default\">\n\t\t\t\t<div class=\"elementor-widget-container\">\n\t\t\t\t\t\t\t\t\t\t\t\t\t\t\t<img loading=\"lazy\" decoding=\"async\" width=\"400\" height=\"600\" src=\"https:\/\/copperry.com\/wp-content\/uploads\/2023\/02\/copper-nickel-fittings-DNV-GL-type-approval-1.jpg\" class=\"attachment-large size-large wp-image-4136\" alt=\"conex\u00f5es de cobre e n\u00edquel Aprova\u00e7\u00e3o de tipo DNV-GL\" srcset=\"https:\/\/copperry.com\/wp-content\/uploads\/2023\/02\/copper-nickel-fittings-DNV-GL-type-approval-1.jpg 400w, https:\/\/copperry.com\/wp-content\/uploads\/2023\/02\/copper-nickel-fittings-DNV-GL-type-approval-1-200x300.jpg 200w\" sizes=\"(max-width: 400px) 100vw, 400px\" \/>\t\t\t\t\t\t\t\t\t\t\t\t\t\t\t<\/div>\n\t\t\t\t<\/div>\n\t\t\t\t<div class=\"elementor-element elementor-element-cf62a59 elementor-widget elementor-widget-heading\" data-id=\"cf62a59\" data-element_type=\"widget\" data-e-type=\"widget\" data-widget_type=\"heading.default\">\n\t\t\t\t<div class=\"elementor-widget-container\">\n\t\t\t\t\t<h2 class=\"elementor-heading-title elementor-size-default\">Aprova\u00e7\u00e3o de tipo da DNV <\/h2>\t\t\t\t<\/div>\n\t\t\t\t<\/div>\n\t\t\t\t\t<\/div>\n\t\t<\/div>\n\t\t\t\t\t<\/div>\n\t\t<\/section>\n\t\t\t\t\t<\/div>\n\t\t<\/div>\n\t\t\t\t\t<\/div>\n\t\t<\/section>\n\t\t\t\t<\/div>","protected":false},"excerpt":{"rendered":"<p>Certificates We founded COPPERRY in 1997. COPPERRY has also been manufacturing copper nickel fittings for over 20 years. Through the efforts of COPPERRY people, we have obtained formal approval from LR, DNV, ABS, and CCS classification societies. CCS type approval ISO 9001 ABS type approval LR type approval DNV type approval<\/p>","protected":false},"author":1,"featured_media":0,"parent":0,"menu_order":0,"comment_status":"closed","ping_status":"closed","template":"elementor_header_footer","meta":{"footnotes":""},"class_list":["post-3524","page","type-page","status-publish","hentry"],"_links":{"self":[{"href":"https:\/\/copperry.com\/pt\/wp-json\/wp\/v2\/pages\/3524","targetHints":{"allow":["GET"]}}],"collection":[{"href":"https:\/\/copperry.com\/pt\/wp-json\/wp\/v2\/pages"}],"about":[{"href":"https:\/\/copperry.com\/pt\/wp-json\/wp\/v2\/types\/page"}],"author":[{"embeddable":true,"href":"https:\/\/copperry.com\/pt\/wp-json\/wp\/v2\/users\/1"}],"replies":[{"embeddable":true,"href":"https:\/\/copperry.com\/pt\/wp-json\/wp\/v2\/comments?post=3524"}],"version-history":[{"count":13,"href":"https:\/\/copperry.com\/pt\/wp-json\/wp\/v2\/pages\/3524\/revisions"}],"predecessor-version":[{"id":4151,"href":"https:\/\/copperry.com\/pt\/wp-json\/wp\/v2\/pages\/3524\/revisions\/4151"}],"wp:attachment":[{"href":"https:\/\/copperry.com\/pt\/wp-json\/wp\/v2\/media?parent=3524"}],"curies":[{"name":"wp","href":"https:\/\/api.w.org\/{rel}","templated":true}]}}