{"id":9154,"date":"2025-05-25T19:33:55","date_gmt":"2025-05-25T11:33:55","guid":{"rendered":"https:\/\/copperry.com\/?page_id=9154"},"modified":"2025-05-25T20:18:06","modified_gmt":"2025-05-25T12:18:06","slug":"cuni90-10","status":"publish","type":"page","link":"https:\/\/copperry.com\/es\/cuni90-10\/","title":{"rendered":"cuni 90\/10"},"content":{"rendered":"<div data-elementor-type=\"wp-page\" data-elementor-id=\"9154\" class=\"elementor elementor-9154\" data-elementor-post-type=\"page\">\n\t\t\t\t\t\t<section class=\"elementor-section elementor-top-section elementor-element elementor-element-720677f elementor-section-content-middle elementor-section-boxed elementor-section-height-default elementor-section-height-default\" data-id=\"720677f\" data-element_type=\"section\" data-e-type=\"section\">\n\t\t\t\t\t\t<div class=\"elementor-container elementor-column-gap-default\">\n\t\t\t\t\t<div class=\"elementor-column elementor-col-50 elementor-top-column elementor-element elementor-element-23a948b\" data-id=\"23a948b\" data-element_type=\"column\" data-e-type=\"column\">\n\t\t\t<div class=\"elementor-widget-wrap elementor-element-populated\">\n\t\t\t\t\t\t<div class=\"elementor-element elementor-element-02c72a5 elementor-widget elementor-widget-heading\" data-id=\"02c72a5\" data-element_type=\"widget\" data-e-type=\"widget\" data-widget_type=\"heading.default\">\n\t\t\t\t<div class=\"elementor-widget-container\">\n\t\t\t\t\t<h1 class=\"elementor-heading-title elementor-size-default\">Tubos y accesorios CuNi90\/10 Proveedores experimentados en China<\/h1>\t\t\t\t<\/div>\n\t\t\t\t<\/div>\n\t\t\t\t<div class=\"elementor-element elementor-element-a1d4c39 elementor-widget elementor-widget-text-editor\" data-id=\"a1d4c39\" data-element_type=\"widget\" data-e-type=\"widget\" data-widget_type=\"text-editor.default\">\n\t\t\t\t<div class=\"elementor-widget-container\">\n\t\t\t\t\t\t\t\t\t<p>Si busca tubos, bridas, codos, tes y otros productos de CuNi90\/10. Exportamos material CuNi90\/10 a todo el mundo desde 2003.<\/p><ul><li>Con CCS, LR, DNV-GL, Certificado de aprobaci\u00f3n de f\u00e1brica de la sociedad de clasificaci\u00f3n.<\/li><li>Nuestra empresa est\u00e1 a 30 km del puerto de Shanghai, sus mercanc\u00edas se env\u00edan r\u00e1pidamente por mar y aire.<\/li><li>Tambi\u00e9n se puede enviar 1 unidad<\/li><li>Marcado como usted solicit\u00f3.<\/li><li>Los procesos de producci\u00f3n y las materias primas se ajustan a las normas EEMUA y DIN.<\/li><\/ul>\t\t\t\t\t\t\t\t<\/div>\n\t\t\t\t<\/div>\n\t\t\t\t<div class=\"elementor-element elementor-element-99a62fa elementor-align-center elementor-widget elementor-widget-button\" data-id=\"99a62fa\" data-element_type=\"widget\" data-e-type=\"widget\" data-widget_type=\"button.default\">\n\t\t\t\t<div class=\"elementor-widget-container\">\n\t\t\t\t\t\t\t\t\t<div class=\"elementor-button-wrapper\">\n\t\t\t\t\t<a class=\"elementor-button elementor-button-link elementor-size-sm\" href=\"#elementor-action%3Aaction%3Dpopup%3Aopen%26settings%3DeyJpZCI6IjI1OCIsInRvZ2dsZSI6ZmFsc2V9\">\n\t\t\t\t\t\t<span class=\"elementor-button-content-wrapper\">\n\t\t\t\t\t\t\t\t\t<span class=\"elementor-button-text\">Enviar una solicitud<\/span>\n\t\t\t\t\t<\/span>\n\t\t\t\t\t<\/a>\n\t\t\t\t<\/div>\n\t\t\t\t\t\t\t\t<\/div>\n\t\t\t\t<\/div>\n\t\t\t\t\t<\/div>\n\t\t<\/div>\n\t\t\t\t<div class=\"elementor-column elementor-col-50 elementor-top-column elementor-element elementor-element-7ff06cc\" data-id=\"7ff06cc\" data-element_type=\"column\" data-e-type=\"column\">\n\t\t\t<div class=\"elementor-widget-wrap elementor-element-populated\">\n\t\t\t\t\t\t<div class=\"elementor-element elementor-element-9062b7b elementor-widget elementor-widget-image\" data-id=\"9062b7b\" data-element_type=\"widget\" data-e-type=\"widget\" data-widget_type=\"image.default\">\n\t\t\t\t<div class=\"elementor-widget-container\">\n\t\t\t\t\t\t\t\t\t\t\t\t\t\t\t<img fetchpriority=\"high\" decoding=\"async\" width=\"659\" height=\"450\" src=\"https:\/\/copperry.com\/wp-content\/uploads\/2025\/04\/copper-nickel-pipe-fittings.jpg\" class=\"attachment-large size-large wp-image-9198\" alt=\"accesorios de tuber\u00eda de cobre y n\u00edquel\" srcset=\"https:\/\/copperry.com\/wp-content\/uploads\/2025\/04\/copper-nickel-pipe-fittings.jpg 659w, https:\/\/copperry.com\/wp-content\/uploads\/2025\/04\/copper-nickel-pipe-fittings-300x205.jpg 300w, https:\/\/copperry.com\/wp-content\/uploads\/2025\/04\/copper-nickel-pipe-fittings-600x410.jpg 600w\" sizes=\"(max-width: 659px) 100vw, 659px\" \/>\t\t\t\t\t\t\t\t\t\t\t\t\t\t\t<\/div>\n\t\t\t\t<\/div>\n\t\t\t\t\t<\/div>\n\t\t<\/div>\n\t\t\t\t\t<\/div>\n\t\t<\/section>\n\t\t\t\t<section class=\"elementor-section elementor-top-section elementor-element elementor-element-56c506a elementor-section-boxed elementor-section-height-default elementor-section-height-default\" data-id=\"56c506a\" data-element_type=\"section\" data-e-type=\"section\">\n\t\t\t\t\t\t<div class=\"elementor-container elementor-column-gap-default\">\n\t\t\t\t\t<div class=\"elementor-column elementor-col-100 elementor-top-column elementor-element elementor-element-5783284\" data-id=\"5783284\" data-element_type=\"column\" data-e-type=\"column\">\n\t\t\t<div class=\"elementor-widget-wrap elementor-element-populated\">\n\t\t\t\t\t\t<div class=\"elementor-element elementor-element-d99e540 elementor-widget elementor-widget-heading\" data-id=\"d99e540\" data-element_type=\"widget\" data-e-type=\"widget\" data-widget_type=\"heading.default\">\n\t\t\t\t<div class=\"elementor-widget-container\">\n\t\t\t\t\t<h2 class=\"elementor-heading-title elementor-size-default\">Nuestro producto<\/h2>\t\t\t\t<\/div>\n\t\t\t\t<\/div>\n\t\t\t\t<section class=\"elementor-section elementor-inner-section elementor-element elementor-element-7cb5fa7 elementor-section-boxed elementor-section-height-default elementor-section-height-default\" data-id=\"7cb5fa7\" data-element_type=\"section\" data-e-type=\"section\">\n\t\t\t\t\t\t<div class=\"elementor-container elementor-column-gap-default\">\n\t\t\t\t\t<div class=\"elementor-column elementor-col-33 elementor-inner-column elementor-element elementor-element-3c8ecfb\" data-id=\"3c8ecfb\" data-element_type=\"column\" data-e-type=\"column\">\n\t\t\t<div class=\"elementor-widget-wrap elementor-element-populated\">\n\t\t\t\t\t\t<div class=\"elementor-element elementor-element-a11b603 elementor-widget elementor-widget-image\" data-id=\"a11b603\" data-element_type=\"widget\" data-e-type=\"widget\" data-widget_type=\"image.default\">\n\t\t\t\t<div class=\"elementor-widget-container\">\n\t\t\t\t\t\t\t\t\t\t\t\t\t\t\t<img decoding=\"async\" width=\"370\" height=\"330\" src=\"https:\/\/copperry.com\/wp-content\/uploads\/2025\/05\/cuni-9010-pipes.jpg\" class=\"attachment-large size-large wp-image-9312\" alt=\"tubos cuni 90\/10\" srcset=\"https:\/\/copperry.com\/wp-content\/uploads\/2025\/05\/cuni-9010-pipes.jpg 370w, https:\/\/copperry.com\/wp-content\/uploads\/2025\/05\/cuni-9010-pipes-300x268.jpg 300w, https:\/\/copperry.com\/wp-content\/uploads\/2025\/05\/cuni-9010-pipes-13x12.jpg 13w\" sizes=\"(max-width: 370px) 100vw, 370px\" \/>\t\t\t\t\t\t\t\t\t\t\t\t\t\t\t<\/div>\n\t\t\t\t<\/div>\n\t\t\t\t<div class=\"elementor-element elementor-element-538a7a4 elementor-widget elementor-widget-heading\" data-id=\"538a7a4\" data-element_type=\"widget\" data-e-type=\"widget\" data-widget_type=\"heading.default\">\n\t\t\t\t<div class=\"elementor-widget-container\">\n\t\t\t\t\t<h2 class=\"elementor-heading-title elementor-size-default\">Tubos CuNi90\/10<\/h2>\t\t\t\t<\/div>\n\t\t\t\t<\/div>\n\t\t\t\t<div class=\"elementor-element elementor-element-9a70904 elementor-widget elementor-widget-text-editor\" data-id=\"9a70904\" data-element_type=\"widget\" data-e-type=\"widget\" data-widget_type=\"text-editor.default\">\n\t\t\t\t<div class=\"elementor-widget-container\">\n\t\t\t\t\t\t\t\t\t<p>La composici\u00f3n qu\u00edmica de CuNi90\/10 con Cu, Ni e impurezas seg\u00fan las normas EEMUA y DIN.<\/p>\t\t\t\t\t\t\t\t<\/div>\n\t\t\t\t<\/div>\n\t\t\t\t\t<\/div>\n\t\t<\/div>\n\t\t\t\t<div class=\"elementor-column elementor-col-33 elementor-inner-column elementor-element elementor-element-505bdb8\" data-id=\"505bdb8\" data-element_type=\"column\" data-e-type=\"column\">\n\t\t\t<div class=\"elementor-widget-wrap elementor-element-populated\">\n\t\t\t\t\t\t<div class=\"elementor-element elementor-element-20b4482 elementor-widget elementor-widget-image\" data-id=\"20b4482\" data-element_type=\"widget\" data-e-type=\"widget\" data-widget_type=\"image.default\">\n\t\t\t\t<div class=\"elementor-widget-container\">\n\t\t\t\t\t\t\t\t\t\t\t\t\t\t\t<img decoding=\"async\" width=\"370\" height=\"330\" src=\"https:\/\/copperry.com\/wp-content\/uploads\/2025\/05\/cuni-9010-flange.jpg\" class=\"attachment-large size-large wp-image-9316\" alt=\"brida cuni 90\/10\" srcset=\"https:\/\/copperry.com\/wp-content\/uploads\/2025\/05\/cuni-9010-flange.jpg 370w, https:\/\/copperry.com\/wp-content\/uploads\/2025\/05\/cuni-9010-flange-300x268.jpg 300w, https:\/\/copperry.com\/wp-content\/uploads\/2025\/05\/cuni-9010-flange-13x12.jpg 13w\" sizes=\"(max-width: 370px) 100vw, 370px\" \/>\t\t\t\t\t\t\t\t\t\t\t\t\t\t\t<\/div>\n\t\t\t\t<\/div>\n\t\t\t\t<div class=\"elementor-element elementor-element-5875225 elementor-widget elementor-widget-heading\" data-id=\"5875225\" data-element_type=\"widget\" data-e-type=\"widget\" data-widget_type=\"heading.default\">\n\t\t\t\t<div class=\"elementor-widget-container\">\n\t\t\t\t\t<h2 class=\"elementor-heading-title elementor-size-default\">Brida CuNi90\/10<\/h2>\t\t\t\t<\/div>\n\t\t\t\t<\/div>\n\t\t\t\t<div class=\"elementor-element elementor-element-1f94b2c elementor-widget elementor-widget-text-editor\" data-id=\"1f94b2c\" data-element_type=\"widget\" data-e-type=\"widget\" data-widget_type=\"text-editor.default\">\n\t\t\t\t<div class=\"elementor-widget-container\">\n\t\t\t\t\t\t\t\t\t<p>Nuestra brida CuNi90\/10 es forjada y recocida. fabricada por mecanizado CNC.<\/p>\t\t\t\t\t\t\t\t<\/div>\n\t\t\t\t<\/div>\n\t\t\t\t\t<\/div>\n\t\t<\/div>\n\t\t\t\t<div class=\"elementor-column elementor-col-33 elementor-inner-column elementor-element elementor-element-d9e19b6\" data-id=\"d9e19b6\" data-element_type=\"column\" data-e-type=\"column\">\n\t\t\t<div class=\"elementor-widget-wrap elementor-element-populated\">\n\t\t\t\t\t\t<div class=\"elementor-element elementor-element-77dcf4b elementor-widget elementor-widget-image\" data-id=\"77dcf4b\" data-element_type=\"widget\" data-e-type=\"widget\" data-widget_type=\"image.default\">\n\t\t\t\t<div class=\"elementor-widget-container\">\n\t\t\t\t\t\t\t\t\t\t\t\t\t\t\t<img loading=\"lazy\" decoding=\"async\" width=\"550\" height=\"450\" src=\"https:\/\/copperry.com\/wp-content\/uploads\/2024\/10\/copper-nickel-elbow.jpg\" class=\"attachment-large size-large wp-image-8790\" alt=\"codo cuni 90\/10\" srcset=\"https:\/\/copperry.com\/wp-content\/uploads\/2024\/10\/copper-nickel-elbow.jpg 550w, https:\/\/copperry.com\/wp-content\/uploads\/2024\/10\/copper-nickel-elbow-300x245.jpg 300w\" sizes=\"(max-width: 550px) 100vw, 550px\" \/>\t\t\t\t\t\t\t\t\t\t\t\t\t\t\t<\/div>\n\t\t\t\t<\/div>\n\t\t\t\t<div class=\"elementor-element elementor-element-1557957 elementor-widget elementor-widget-heading\" data-id=\"1557957\" data-element_type=\"widget\" data-e-type=\"widget\" data-widget_type=\"heading.default\">\n\t\t\t\t<div class=\"elementor-widget-container\">\n\t\t\t\t\t<h2 class=\"elementor-heading-title elementor-size-default\">Codo CuNi90\/10<\/h2>\t\t\t\t<\/div>\n\t\t\t\t<\/div>\n\t\t\t\t<div class=\"elementor-element elementor-element-f42b6f2 elementor-widget elementor-widget-text-editor\" data-id=\"f42b6f2\" data-element_type=\"widget\" data-e-type=\"widget\" data-widget_type=\"text-editor.default\">\n\t\t\t\t<div class=\"elementor-widget-container\">\n\t\t\t\t\t\t\t\t\t<p>Los codos CuNi90\/10 se fabrican por conformaci\u00f3n en fr\u00edo a partir de tubo. La composici\u00f3n qu\u00edmica y las propiedades mec\u00e1nicas de la materia prima CuNi tuber\u00eda son estrictamente inspeccionados.<\/p>\t\t\t\t\t\t\t\t<\/div>\n\t\t\t\t<\/div>\n\t\t\t\t\t<\/div>\n\t\t<\/div>\n\t\t\t\t\t<\/div>\n\t\t<\/section>\n\t\t\t\t\t<\/div>\n\t\t<\/div>\n\t\t\t\t\t<\/div>\n\t\t<\/section>\n\t\t\t\t<section class=\"elementor-section elementor-top-section elementor-element elementor-element-757f235 elementor-section-content-middle elementor-section-boxed elementor-section-height-default elementor-section-height-default\" data-id=\"757f235\" data-element_type=\"section\" data-e-type=\"section\">\n\t\t\t\t\t\t<div class=\"elementor-container elementor-column-gap-default\">\n\t\t\t\t\t<div class=\"elementor-column elementor-col-50 elementor-top-column elementor-element elementor-element-af336be\" data-id=\"af336be\" data-element_type=\"column\" data-e-type=\"column\">\n\t\t\t<div class=\"elementor-widget-wrap elementor-element-populated\">\n\t\t\t\t\t\t<div class=\"elementor-element elementor-element-323455f elementor-widget elementor-widget-heading\" data-id=\"323455f\" data-element_type=\"widget\" data-e-type=\"widget\" data-widget_type=\"heading.default\">\n\t\t\t\t<div class=\"elementor-widget-container\">\n\t\t\t\t\t<h2 class=\"elementor-heading-title elementor-size-default\">CuNi 90\/10 proveedor de material en china<\/h2>\t\t\t\t<\/div>\n\t\t\t\t<\/div>\n\t\t\t\t<div class=\"elementor-element elementor-element-27f95cd elementor-widget elementor-widget-text-editor\" data-id=\"27f95cd\" data-element_type=\"widget\" data-e-type=\"widget\" data-widget_type=\"text-editor.default\">\n\t\t\t\t<div class=\"elementor-widget-container\">\n\t\t\t\t\t\t\t\t\t<p>Como el mayor proveedor de material cuni 90\/10 en China. Llevamos 20 a\u00f1os fabricando y suministrando a clientes de todo el mundo.\u00a0<\/p><p>El producto CuNi 90\/10 puede fabricarse de acuerdo con el plano que nos facilite. La inspecci\u00f3n del tama\u00f1o del producto se ajusta al rango de tolerancia est\u00e1ndar especificado \u00b110%. Lo volveremos a fabricar gratuitamente si la inspecci\u00f3n del tama\u00f1o excede el rango de tolerancia.<\/p><p>Tambi\u00e9n suministramos manguitos CuNi 90\/10 para soldar a tope, uniones roscadas<\/p>\t\t\t\t\t\t\t\t<\/div>\n\t\t\t\t<\/div>\n\t\t\t\t\t<\/div>\n\t\t<\/div>\n\t\t\t\t<div class=\"elementor-column elementor-col-50 elementor-top-column elementor-element elementor-element-c67603a\" data-id=\"c67603a\" data-element_type=\"column\" data-e-type=\"column\">\n\t\t\t<div class=\"elementor-widget-wrap elementor-element-populated\">\n\t\t\t\t\t\t<div class=\"elementor-element elementor-element-8bc4682 elementor-widget elementor-widget-video\" data-id=\"8bc4682\" data-element_type=\"widget\" data-e-type=\"widget\" data-settings=\"{&quot;youtube_url&quot;:&quot;https:\\\/\\\/youtu.be\\\/cGhWfzTk01M&quot;,&quot;video_type&quot;:&quot;youtube&quot;,&quot;controls&quot;:&quot;yes&quot;}\" data-widget_type=\"video.default\">\n\t\t\t\t<div class=\"elementor-widget-container\">\n\t\t\t\t\t\t\t<div class=\"elementor-wrapper elementor-open-inline\">\n\t\t\t<div class=\"elementor-video\"><\/div>\t\t<\/div>\n\t\t\t\t\t\t<\/div>\n\t\t\t\t<\/div>\n\t\t\t\t\t<\/div>\n\t\t<\/div>\n\t\t\t\t\t<\/div>\n\t\t<\/section>\n\t\t\t\t<section class=\"elementor-section elementor-top-section elementor-element elementor-element-7457528 elementor-section-content-middle elementor-section-boxed elementor-section-height-default elementor-section-height-default\" data-id=\"7457528\" data-element_type=\"section\" data-e-type=\"section\">\n\t\t\t\t\t\t<div class=\"elementor-container elementor-column-gap-default\">\n\t\t\t\t\t<div class=\"elementor-column elementor-col-50 elementor-top-column elementor-element elementor-element-bb2a5cc\" data-id=\"bb2a5cc\" data-element_type=\"column\" data-e-type=\"column\">\n\t\t\t<div class=\"elementor-widget-wrap elementor-element-populated\">\n\t\t\t\t\t\t<div class=\"elementor-element elementor-element-ca5c21e elementor-widget elementor-widget-image\" data-id=\"ca5c21e\" data-element_type=\"widget\" data-e-type=\"widget\" data-widget_type=\"image.default\">\n\t\t\t\t<div class=\"elementor-widget-container\">\n\t\t\t\t\t\t\t\t\t\t\t\t\t\t\t<img loading=\"lazy\" decoding=\"async\" width=\"785\" height=\"1024\" src=\"https:\/\/copperry.com\/wp-content\/uploads\/2025\/05\/cuni-9010-pipe-dimension-785x1024.jpg\" class=\"attachment-large size-large wp-image-9348\" alt=\"dimensi\u00f3n del tubo cuni 90\/10\" srcset=\"https:\/\/copperry.com\/wp-content\/uploads\/2025\/05\/cuni-9010-pipe-dimension-785x1024.jpg 785w, https:\/\/copperry.com\/wp-content\/uploads\/2025\/05\/cuni-9010-pipe-dimension-230x300.jpg 230w, https:\/\/copperry.com\/wp-content\/uploads\/2025\/05\/cuni-9010-pipe-dimension-768x1002.jpg 768w, https:\/\/copperry.com\/wp-content\/uploads\/2025\/05\/cuni-9010-pipe-dimension-9x12.jpg 9w, https:\/\/copperry.com\/wp-content\/uploads\/2025\/05\/cuni-9010-pipe-dimension-600x783.jpg 600w, https:\/\/copperry.com\/wp-content\/uploads\/2025\/05\/cuni-9010-pipe-dimension.jpg 920w\" sizes=\"(max-width: 785px) 100vw, 785px\" \/>\t\t\t\t\t\t\t\t\t\t\t\t\t\t\t<\/div>\n\t\t\t\t<\/div>\n\t\t\t\t\t<\/div>\n\t\t<\/div>\n\t\t\t\t<div class=\"elementor-column elementor-col-50 elementor-top-column elementor-element elementor-element-f91a81e\" data-id=\"f91a81e\" data-element_type=\"column\" data-e-type=\"column\">\n\t\t\t<div class=\"elementor-widget-wrap elementor-element-populated\">\n\t\t\t\t\t\t<div class=\"elementor-element elementor-element-ee16f59 elementor-widget elementor-widget-heading\" data-id=\"ee16f59\" data-element_type=\"widget\" data-e-type=\"widget\" data-widget_type=\"heading.default\">\n\t\t\t\t<div class=\"elementor-widget-container\">\n\t\t\t\t\t<h2 class=\"elementor-heading-title elementor-size-default\">Dimensi\u00f3n del tubo CuNi 90\/10<\/h2>\t\t\t\t<\/div>\n\t\t\t\t<\/div>\n\t\t\t\t<div class=\"elementor-element elementor-element-6701066 elementor-widget elementor-widget-text-editor\" data-id=\"6701066\" data-element_type=\"widget\" data-e-type=\"widget\" data-widget_type=\"text-editor.default\">\n\t\t\t\t<div class=\"elementor-widget-container\">\n\t\t\t\t\t\t\t\t\t<p>La tabla de la izquierda muestra las dimensiones de los tubos cuni 90\/10 que suministramos.<\/p><p>Debe facilitarnos el di\u00e1metro exterior y el grosor de pared del tubo CuNi 90\/10 para que podamos hacerle un presupuesto.<\/p>\t\t\t\t\t\t\t\t<\/div>\n\t\t\t\t<\/div>\n\t\t\t\t\t<\/div>\n\t\t<\/div>\n\t\t\t\t\t<\/div>\n\t\t<\/section>\n\t\t\t\t<section class=\"elementor-section elementor-top-section elementor-element elementor-element-3ac5fe5 elementor-section-boxed elementor-section-height-default elementor-section-height-default\" data-id=\"3ac5fe5\" data-element_type=\"section\" data-e-type=\"section\">\n\t\t\t\t\t\t<div class=\"elementor-container elementor-column-gap-default\">\n\t\t\t\t\t<div class=\"elementor-column elementor-col-100 elementor-top-column elementor-element elementor-element-ee3a8d0\" data-id=\"ee3a8d0\" data-element_type=\"column\" data-e-type=\"column\">\n\t\t\t<div class=\"elementor-widget-wrap elementor-element-populated\">\n\t\t\t\t\t\t<div class=\"elementor-element elementor-element-b49555a elementor-widget elementor-widget-heading\" data-id=\"b49555a\" data-element_type=\"widget\" data-e-type=\"widget\" data-widget_type=\"heading.default\">\n\t\t\t\t<div class=\"elementor-widget-container\">\n\t\t\t\t\t<h2 class=\"elementor-heading-title elementor-size-default\">nuestros otros productos<\/h2>\t\t\t\t<\/div>\n\t\t\t\t<\/div>\n\t\t\t\t<section class=\"elementor-section elementor-inner-section elementor-element elementor-element-b6b9dbe elementor-section-boxed elementor-section-height-default elementor-section-height-default\" data-id=\"b6b9dbe\" data-element_type=\"section\" data-e-type=\"section\">\n\t\t\t\t\t\t<div class=\"elementor-container elementor-column-gap-default\">\n\t\t\t\t\t<div class=\"elementor-column elementor-col-33 elementor-inner-column elementor-element elementor-element-bcff1c6\" data-id=\"bcff1c6\" data-element_type=\"column\" data-e-type=\"column\">\n\t\t\t<div class=\"elementor-widget-wrap elementor-element-populated\">\n\t\t\t\t\t\t<div class=\"elementor-element elementor-element-df4d9c2 elementor-widget elementor-widget-image\" data-id=\"df4d9c2\" data-element_type=\"widget\" data-e-type=\"widget\" data-widget_type=\"image.default\">\n\t\t\t\t<div class=\"elementor-widget-container\">\n\t\t\t\t\t\t\t\t\t\t\t\t\t\t\t<img loading=\"lazy\" decoding=\"async\" width=\"500\" height=\"450\" src=\"https:\/\/copperry.com\/wp-content\/uploads\/2023\/06\/copper-nickel-pipe-fittings.jpg\" class=\"attachment-large size-large wp-image-5788\" alt=\"accesorios de tuber\u00eda de cobre y n\u00edquel\" srcset=\"https:\/\/copperry.com\/wp-content\/uploads\/2023\/06\/copper-nickel-pipe-fittings.jpg 500w, https:\/\/copperry.com\/wp-content\/uploads\/2023\/06\/copper-nickel-pipe-fittings-300x270.jpg 300w\" sizes=\"(max-width: 500px) 100vw, 500px\" \/>\t\t\t\t\t\t\t\t\t\t\t\t\t\t\t<\/div>\n\t\t\t\t<\/div>\n\t\t\t\t<div class=\"elementor-element elementor-element-0b74264 elementor-widget elementor-widget-heading\" data-id=\"0b74264\" data-element_type=\"widget\" data-e-type=\"widget\" data-widget_type=\"heading.default\">\n\t\t\t\t<div class=\"elementor-widget-container\">\n\t\t\t\t\t<h3 class=\"elementor-heading-title elementor-size-default\"><a href=\"https:\/\/copperry.com\/es\/accesorios-de-cobre-niquel\/\">CuNi Accesorios de tuber\u00eda<\/a><\/h3>\t\t\t\t<\/div>\n\t\t\t\t<\/div>\n\t\t\t\t\t<\/div>\n\t\t<\/div>\n\t\t\t\t<div class=\"elementor-column elementor-col-33 elementor-inner-column elementor-element elementor-element-310c5b2\" data-id=\"310c5b2\" data-element_type=\"column\" data-e-type=\"column\">\n\t\t\t<div class=\"elementor-widget-wrap elementor-element-populated\">\n\t\t\t\t\t\t<div class=\"elementor-element elementor-element-ecaa4fc elementor-widget elementor-widget-image\" data-id=\"ecaa4fc\" data-element_type=\"widget\" data-e-type=\"widget\" data-widget_type=\"image.default\">\n\t\t\t\t<div class=\"elementor-widget-container\">\n\t\t\t\t\t\t\t\t\t\t\t\t\t\t\t<img loading=\"lazy\" decoding=\"async\" width=\"300\" height=\"300\" src=\"https:\/\/copperry.com\/wp-content\/uploads\/2023\/06\/copper-nickel-pipes-2.jpg\" class=\"attachment-large size-large wp-image-5831\" alt=\"tubos de cobre y n\u00edquel\" srcset=\"https:\/\/copperry.com\/wp-content\/uploads\/2023\/06\/copper-nickel-pipes-2.jpg 300w, https:\/\/copperry.com\/wp-content\/uploads\/2023\/06\/copper-nickel-pipes-2-150x150.jpg 150w, https:\/\/copperry.com\/wp-content\/uploads\/2023\/06\/copper-nickel-pipes-2-100x100.jpg 100w\" sizes=\"(max-width: 300px) 100vw, 300px\" \/>\t\t\t\t\t\t\t\t\t\t\t\t\t\t\t<\/div>\n\t\t\t\t<\/div>\n\t\t\t\t<div class=\"elementor-element elementor-element-0bf501a elementor-widget elementor-widget-heading\" data-id=\"0bf501a\" data-element_type=\"widget\" data-e-type=\"widget\" data-widget_type=\"heading.default\">\n\t\t\t\t<div class=\"elementor-widget-container\">\n\t\t\t\t\t<h3 class=\"elementor-heading-title elementor-size-default\"><a href=\"https:\/\/copperry.com\/es\/tuberias-cuni\/\">Tubos de CuNi<\/a><\/h3>\t\t\t\t<\/div>\n\t\t\t\t<\/div>\n\t\t\t\t\t<\/div>\n\t\t<\/div>\n\t\t\t\t<div class=\"elementor-column elementor-col-33 elementor-inner-column elementor-element elementor-element-3db5304\" data-id=\"3db5304\" data-element_type=\"column\" data-e-type=\"column\">\n\t\t\t<div class=\"elementor-widget-wrap elementor-element-populated\">\n\t\t\t\t\t\t<div class=\"elementor-element elementor-element-02fade7 elementor-widget elementor-widget-image\" data-id=\"02fade7\" data-element_type=\"widget\" data-e-type=\"widget\" data-widget_type=\"image.default\">\n\t\t\t\t<div class=\"elementor-widget-container\">\n\t\t\t\t\t\t\t\t\t\t\t\t\t\t\t<img loading=\"lazy\" decoding=\"async\" width=\"450\" height=\"350\" src=\"https:\/\/copperry.com\/wp-content\/uploads\/2023\/06\/CuNi-Composite-Weld-Neck-Flange.jpeg\" class=\"attachment-large size-large wp-image-5895\" alt=\"Brida con cuello para soldar de material compuesto CuNi\" srcset=\"https:\/\/copperry.com\/wp-content\/uploads\/2023\/06\/CuNi-Composite-Weld-Neck-Flange.jpeg 450w, https:\/\/copperry.com\/wp-content\/uploads\/2023\/06\/CuNi-Composite-Weld-Neck-Flange-300x233.jpeg 300w\" sizes=\"(max-width: 450px) 100vw, 450px\" \/>\t\t\t\t\t\t\t\t\t\t\t\t\t\t\t<\/div>\n\t\t\t\t<\/div>\n\t\t\t\t<div class=\"elementor-element elementor-element-9bd3294 elementor-widget elementor-widget-heading\" data-id=\"9bd3294\" data-element_type=\"widget\" data-e-type=\"widget\" data-widget_type=\"heading.default\">\n\t\t\t\t<div class=\"elementor-widget-container\">\n\t\t\t\t\t<h3 class=\"elementor-heading-title elementor-size-default\"><a href=\"https:\/\/copperry.com\/es\/bridas-de-cobre-niquel\/\">Falange de CuNi<\/a><\/h3>\t\t\t\t<\/div>\n\t\t\t\t<\/div>\n\t\t\t\t\t<\/div>\n\t\t<\/div>\n\t\t\t\t\t<\/div>\n\t\t<\/section>\n\t\t\t\t\t<\/div>\n\t\t<\/div>\n\t\t\t\t\t<\/div>\n\t\t<\/section>\n\t\t\t\t<\/div>","protected":false},"excerpt":{"rendered":"<p>CuNi90\/10 pipe and fittings Experienced suppliers in China If you are looking for CuNi90\/10 pipes, flanges, elbows, tees and other products. We are exporting CuNi90\/10 material to the world since 2003. With CCS, LR, DNV-GL, Classification Society Factory Approval Certificate. Our company is 30km away from Shanghai port, your goods are quickly shipped by sea [&hellip;]<\/p>","protected":false},"author":1,"featured_media":0,"parent":0,"menu_order":0,"comment_status":"closed","ping_status":"closed","template":"elementor_header_footer","meta":{"footnotes":""},"class_list":["post-9154","page","type-page","status-publish","hentry"],"_links":{"self":[{"href":"https:\/\/copperry.com\/es\/wp-json\/wp\/v2\/pages\/9154","targetHints":{"allow":["GET"]}}],"collection":[{"href":"https:\/\/copperry.com\/es\/wp-json\/wp\/v2\/pages"}],"about":[{"href":"https:\/\/copperry.com\/es\/wp-json\/wp\/v2\/types\/page"}],"author":[{"embeddable":true,"href":"https:\/\/copperry.com\/es\/wp-json\/wp\/v2\/users\/1"}],"replies":[{"embeddable":true,"href":"https:\/\/copperry.com\/es\/wp-json\/wp\/v2\/comments?post=9154"}],"version-history":[{"count":97,"href":"https:\/\/copperry.com\/es\/wp-json\/wp\/v2\/pages\/9154\/revisions"}],"predecessor-version":[{"id":9394,"href":"https:\/\/copperry.com\/es\/wp-json\/wp\/v2\/pages\/9154\/revisions\/9394"}],"wp:attachment":[{"href":"https:\/\/copperry.com\/es\/wp-json\/wp\/v2\/media?parent=9154"}],"curies":[{"name":"wp","href":"https:\/\/api.w.org\/{rel}","templated":true}]}}