{"id":7003,"date":"2023-08-08T16:11:05","date_gmt":"2023-08-08T08:11:05","guid":{"rendered":"https:\/\/copperry.com\/?page_id=7003"},"modified":"2023-08-10T16:59:41","modified_gmt":"2023-08-10T08:59:41","slug":"author","status":"publish","type":"page","link":"https:\/\/copperry.com\/es\/autor\/","title":{"rendered":"autor"},"content":{"rendered":"<div data-elementor-type=\"wp-page\" data-elementor-id=\"7003\" class=\"elementor elementor-7003\" data-elementor-post-type=\"page\">\n\t\t\t\t\t\t<section class=\"elementor-section elementor-top-section elementor-element elementor-element-cb64bcd elementor-section-boxed elementor-section-height-default elementor-section-height-default\" data-id=\"cb64bcd\" data-element_type=\"section\" data-e-type=\"section\">\n\t\t\t\t\t\t<div class=\"elementor-container elementor-column-gap-default\">\n\t\t\t\t\t<div class=\"elementor-column elementor-col-50 elementor-top-column elementor-element elementor-element-294f3cf\" data-id=\"294f3cf\" data-element_type=\"column\" data-e-type=\"column\">\n\t\t\t<div class=\"elementor-widget-wrap elementor-element-populated\">\n\t\t\t\t\t\t<div class=\"elementor-element elementor-element-22d41ee elementor-widget elementor-widget-heading\" data-id=\"22d41ee\" data-element_type=\"widget\" data-e-type=\"widget\" data-widget_type=\"heading.default\">\n\t\t\t\t<div class=\"elementor-widget-container\">\n\t\t\t\t\t<h1 class=\"elementor-heading-title elementor-size-default\">sobre alan duan<\/h1>\t\t\t\t<\/div>\n\t\t\t\t<\/div>\n\t\t\t\t<div class=\"elementor-element elementor-element-cfcd6c3 elementor-widget elementor-widget-text-editor\" data-id=\"cfcd6c3\" data-element_type=\"widget\" data-e-type=\"widget\" data-widget_type=\"text-editor.default\">\n\t\t\t\t<div class=\"elementor-widget-container\">\n\t\t\t\t\t\t\t\t\t<p>Hola, soy el webmaster de este sitio Alan Duan.<\/p><p>Llevo 11 a\u00f1os dedic\u00e1ndome a la venta de tubos de cobre y n\u00edquel y a la gesti\u00f3n de proyectos. He ganado la confianza de cientos de clientes que suministran tubos y accesorios de cobre n\u00edquel.<\/p><p>Consegu\u00ed algunos pedidos en mi primer a\u00f1o en la empresa. Negociaci\u00f3n de pedidos, producci\u00f3n, entrega y posventa. Sigo aprendiendo de la tecnolog\u00eda de nuestra empresa y de mis clientes.<\/p><p>Me incorpor\u00e9 a COPPERRY en 2012 tras graduarme en la universidad. Al principio, no entend\u00eda los accesorios de cobre niquelado. Ten\u00eda que ir al taller a diario para pedir a trabajadores experimentados que me ense\u00f1aran el proceso de producci\u00f3n. Este proceso era dif\u00edcil porque ten\u00eda que aprender mucho sobre el conocimiento del producto a diario.<\/p><p>Cuantos m\u00e1s proyectos realizaba, m\u00e1s experiencia adquir\u00eda con los accesorios de cobre niquelado. Al cabo de unos a\u00f1os, era un experto en mi campo. Soy experto en tuber\u00edas de cobre n\u00edquel, bridas de cobre n\u00edquel y accesorios de cobre n\u00edquel.<\/p><p>Al hablar con nuestros clientes, nos encontramos con que nos hacen preguntas sobre los tubos de cobre-n\u00edquel. Quiero poner estas preguntas y respuestas en el sitio web para ayudar a los dem\u00e1s.<\/p><p>COPPERRY es un fabricante con gran competencia profesional. Quiero crear contenido profesional en el sitio web para promocionar Copper Nickel Tubes a nuestros clientes potenciales.<\/p><p>Con esta p\u00e1gina web sobre aleaciones de cobre y n\u00edquel pretendo ayudarle. Tambi\u00e9n puede ponerse en contacto conmigo directamente si tiene alguna pregunta.<\/p>\t\t\t\t\t\t\t\t<\/div>\n\t\t\t\t<\/div>\n\t\t\t\t<div class=\"elementor-element elementor-element-6149d24 elementor-widget elementor-widget-heading\" data-id=\"6149d24\" data-element_type=\"widget\" data-e-type=\"widget\" data-widget_type=\"heading.default\">\n\t\t\t\t<div class=\"elementor-widget-container\">\n\t\t\t\t\t<h2 class=\"elementor-heading-title elementor-size-default\">Mis otras plataformas sociales<\/h2>\t\t\t\t<\/div>\n\t\t\t\t<\/div>\n\t\t\t\t<div class=\"elementor-element elementor-element-08ad6eb elementor-widget elementor-widget-text-editor\" data-id=\"08ad6eb\" data-element_type=\"widget\" data-e-type=\"widget\" data-widget_type=\"text-editor.default\">\n\t\t\t\t<div class=\"elementor-widget-container\">\n\t\t\t\t\t\t\t\t\t<p><a href=\"https:\/\/www.linkedin.com\/in\/alan-duan-3b630123b\/\" target=\"_blank\" rel=\"noopener\">Linkedin \uff1alinkedin.com\/in\/alanduan2023\/<\/a><\/p>\t\t\t\t\t\t\t\t<\/div>\n\t\t\t\t<\/div>\n\t\t\t\t<div class=\"elementor-element elementor-element-cadd1b9 elementor-widget elementor-widget-text-editor\" data-id=\"cadd1b9\" data-element_type=\"widget\" data-e-type=\"widget\" data-widget_type=\"text-editor.default\">\n\t\t\t\t<div class=\"elementor-widget-container\">\n\t\t\t\t\t\t\t\t\t<p><a href=\"https:\/\/www.youtube.com\/channel\/UC3sh_tpuNT5mwVCoZrQei8g\" target=\"_blank\" rel=\"noopener\">Mi canal de Youtube<\/a><\/p>\t\t\t\t\t\t\t\t<\/div>\n\t\t\t\t<\/div>\n\t\t\t\t<div class=\"elementor-element elementor-element-9c05b21 elementor-widget elementor-widget-heading\" data-id=\"9c05b21\" data-element_type=\"widget\" data-e-type=\"widget\" data-widget_type=\"heading.default\">\n\t\t\t\t<div class=\"elementor-widget-container\">\n\t\t\t\t\t<h2 class=\"elementor-heading-title elementor-size-default\">P\u00f3ngase en contacto conmigo<\/h2>\t\t\t\t<\/div>\n\t\t\t\t<\/div>\n\t\t\t\t<div class=\"elementor-element elementor-element-e4b43d6 elementor-widget elementor-widget-text-editor\" data-id=\"e4b43d6\" data-element_type=\"widget\" data-e-type=\"widget\" data-widget_type=\"text-editor.default\">\n\t\t\t\t<div class=\"elementor-widget-container\">\n\t\t\t\t\t\t\t\t\t<p>Wechat ID\uff1adpd2016<\/p>\t\t\t\t\t\t\t\t<\/div>\n\t\t\t\t<\/div>\n\t\t\t\t<div class=\"elementor-element elementor-element-1f60c49 elementor-widget elementor-widget-text-editor\" data-id=\"1f60c49\" data-element_type=\"widget\" data-e-type=\"widget\" data-widget_type=\"text-editor.default\">\n\t\t\t\t<div class=\"elementor-widget-container\">\n\t\t\t\t\t\t\t\t\t<p>Correo electr\u00f3nico: sales@copperry.com<\/p>\t\t\t\t\t\t\t\t<\/div>\n\t\t\t\t<\/div>\n\t\t\t\t\t<\/div>\n\t\t<\/div>\n\t\t\t\t<div class=\"elementor-column elementor-col-50 elementor-top-column elementor-element elementor-element-ecd3235\" data-id=\"ecd3235\" data-element_type=\"column\" data-e-type=\"column\">\n\t\t\t<div class=\"elementor-widget-wrap elementor-element-populated\">\n\t\t\t\t\t\t<div class=\"elementor-element elementor-element-01a7385 elementor-widget elementor-widget-image\" data-id=\"01a7385\" data-element_type=\"widget\" data-e-type=\"widget\" data-widget_type=\"image.default\">\n\t\t\t\t<div class=\"elementor-widget-container\">\n\t\t\t\t\t\t\t\t\t\t\t\t\t\t\t<img fetchpriority=\"high\" decoding=\"async\" width=\"300\" height=\"300\" src=\"https:\/\/copperry.com\/wp-content\/uploads\/2023\/08\/author-copperry.com_.jpg\" class=\"attachment-large size-large wp-image-7011\" alt=\"autor copperry.com\" srcset=\"https:\/\/copperry.com\/wp-content\/uploads\/2023\/08\/author-copperry.com_.jpg 300w, https:\/\/copperry.com\/wp-content\/uploads\/2023\/08\/author-copperry.com_-150x150.jpg 150w, https:\/\/copperry.com\/wp-content\/uploads\/2023\/08\/author-copperry.com_-100x100.jpg 100w\" sizes=\"(max-width: 300px) 100vw, 300px\" \/>\t\t\t\t\t\t\t\t\t\t\t\t\t\t\t<\/div>\n\t\t\t\t<\/div>\n\t\t\t\t\t<\/div>\n\t\t<\/div>\n\t\t\t\t\t<\/div>\n\t\t<\/section>\n\t\t\t\t<section class=\"elementor-section elementor-top-section elementor-element elementor-element-5ab1289 elementor-section-boxed elementor-section-height-default elementor-section-height-default\" data-id=\"5ab1289\" data-element_type=\"section\" data-e-type=\"section\">\n\t\t\t\t\t\t<div class=\"elementor-container elementor-column-gap-default\">\n\t\t\t\t\t<div class=\"elementor-column elementor-col-100 elementor-top-column elementor-element elementor-element-f0b14d4\" data-id=\"f0b14d4\" data-element_type=\"column\" data-e-type=\"column\">\n\t\t\t<div class=\"elementor-widget-wrap\">\n\t\t\t\t\t\t\t<\/div>\n\t\t<\/div>\n\t\t\t\t\t<\/div>\n\t\t<\/section>\n\t\t\t\t<\/div>","protected":false},"excerpt":{"rendered":"<p>about alan duan Hello, I am the webmaster of this site Alan Duan. I have been in copper nickel pipe sales and project management for 11 years. Have gained the trust of hundreds of customers supplying copper nickel pipes and fittings. I did get a few orders in my first year with the company. Order [&hellip;]<\/p>","protected":false},"author":1,"featured_media":0,"parent":0,"menu_order":0,"comment_status":"closed","ping_status":"closed","template":"elementor_header_footer","meta":{"footnotes":""},"class_list":["post-7003","page","type-page","status-publish","hentry"],"_links":{"self":[{"href":"https:\/\/copperry.com\/es\/wp-json\/wp\/v2\/pages\/7003","targetHints":{"allow":["GET"]}}],"collection":[{"href":"https:\/\/copperry.com\/es\/wp-json\/wp\/v2\/pages"}],"about":[{"href":"https:\/\/copperry.com\/es\/wp-json\/wp\/v2\/types\/page"}],"author":[{"embeddable":true,"href":"https:\/\/copperry.com\/es\/wp-json\/wp\/v2\/users\/1"}],"replies":[{"embeddable":true,"href":"https:\/\/copperry.com\/es\/wp-json\/wp\/v2\/comments?post=7003"}],"version-history":[{"count":58,"href":"https:\/\/copperry.com\/es\/wp-json\/wp\/v2\/pages\/7003\/revisions"}],"predecessor-version":[{"id":7064,"href":"https:\/\/copperry.com\/es\/wp-json\/wp\/v2\/pages\/7003\/revisions\/7064"}],"wp:attachment":[{"href":"https:\/\/copperry.com\/es\/wp-json\/wp\/v2\/media?parent=7003"}],"curies":[{"name":"wp","href":"https:\/\/api.w.org\/{rel}","templated":true}]}}