{"id":3526,"date":"2023-01-22T11:02:35","date_gmt":"2023-01-22T03:02:35","guid":{"rendered":"https:\/\/copperry.com\/?page_id=3526"},"modified":"2026-03-11T21:12:08","modified_gmt":"2026-03-11T13:12:08","slug":"copper-nickel-blind-flange","status":"publish","type":"page","link":"https:\/\/copperry.com\/de\/kupfer-nickel-blindflansch\/","title":{"rendered":"Kupfer-Nickel-Blindflansch"},"content":{"rendered":"<div data-elementor-type=\"wp-page\" data-elementor-id=\"3526\" class=\"elementor elementor-3526\" data-elementor-post-type=\"page\">\n\t\t\t\t\t\t<section class=\"elementor-section elementor-top-section elementor-element elementor-element-1b15d38 elementor-section-content-middle elementor-section-boxed elementor-section-height-default elementor-section-height-default\" data-id=\"1b15d38\" data-element_type=\"section\" data-e-type=\"section\">\n\t\t\t\t\t\t<div class=\"elementor-container elementor-column-gap-default\">\n\t\t\t\t\t<div class=\"elementor-column elementor-col-50 elementor-top-column elementor-element elementor-element-b6a9a8a\" data-id=\"b6a9a8a\" data-element_type=\"column\" data-e-type=\"column\">\n\t\t\t<div class=\"elementor-widget-wrap elementor-element-populated\">\n\t\t\t\t\t\t<div class=\"elementor-element elementor-element-03d7902 elementor-widget elementor-widget-image\" data-id=\"03d7902\" data-element_type=\"widget\" data-e-type=\"widget\" data-widget_type=\"image.default\">\n\t\t\t\t<div class=\"elementor-widget-container\">\n\t\t\t\t\t\t\t\t\t\t\t\t\t\t\t<img fetchpriority=\"high\" decoding=\"async\" width=\"499\" height=\"399\" src=\"https:\/\/copperry.com\/wp-content\/uploads\/2023\/01\/copper-nickel-blind-flange-banner.jpg\" class=\"attachment-large size-large wp-image-3531\" alt=\"\" srcset=\"https:\/\/copperry.com\/wp-content\/uploads\/2023\/01\/copper-nickel-blind-flange-banner.jpg 499w, https:\/\/copperry.com\/wp-content\/uploads\/2023\/01\/copper-nickel-blind-flange-banner-300x240.jpg 300w\" sizes=\"(max-width: 499px) 100vw, 499px\" \/>\t\t\t\t\t\t\t\t\t\t\t\t\t\t\t<\/div>\n\t\t\t\t<\/div>\n\t\t\t\t\t<\/div>\n\t\t<\/div>\n\t\t\t\t<div class=\"elementor-column elementor-col-50 elementor-top-column elementor-element elementor-element-3f19032\" data-id=\"3f19032\" data-element_type=\"column\" data-e-type=\"column\">\n\t\t\t<div class=\"elementor-widget-wrap elementor-element-populated\">\n\t\t\t\t\t\t<div class=\"elementor-element elementor-element-3919952 elementor-widget elementor-widget-heading\" data-id=\"3919952\" data-element_type=\"widget\" data-e-type=\"widget\" data-widget_type=\"heading.default\">\n\t\t\t\t<div class=\"elementor-widget-container\">\n\t\t\t\t\t<h1 class=\"elementor-heading-title elementor-size-default\">Kupfer-Nickel-Blindflansch<\/h1>\t\t\t\t<\/div>\n\t\t\t\t<\/div>\n\t\t\t\t<div class=\"elementor-element elementor-element-4e1912c elementor-widget elementor-widget-text-editor\" data-id=\"4e1912c\" data-element_type=\"widget\" data-e-type=\"widget\" data-widget_type=\"text-editor.default\">\n\t\t\t\t<div class=\"elementor-widget-container\">\n\t\t\t\t\t\t\t\t\t<p>Copper nickel blind flange Manufacturers in china.competitive prices\uff0c Fast response to your inquiry.<\/p>\t\t\t\t\t\t\t\t<\/div>\n\t\t\t\t<\/div>\n\t\t\t\t<div class=\"elementor-element elementor-element-9a42bdc elementor-align-center elementor-widget elementor-widget-button\" data-id=\"9a42bdc\" data-element_type=\"widget\" data-e-type=\"widget\" data-widget_type=\"button.default\">\n\t\t\t\t<div class=\"elementor-widget-container\">\n\t\t\t\t\t\t\t\t\t<div class=\"elementor-button-wrapper\">\n\t\t\t\t\t<a class=\"elementor-button elementor-button-link elementor-size-sm\" href=\"#elementor-action%3Aaction%3Dpopup%3Aopen%26settings%3DeyJpZCI6IjI1OCIsInRvZ2dsZSI6ZmFsc2V9\">\n\t\t\t\t\t\t<span class=\"elementor-button-content-wrapper\">\n\t\t\t\t\t\t\t\t\t<span class=\"elementor-button-text\">Get quote now<\/span>\n\t\t\t\t\t<\/span>\n\t\t\t\t\t<\/a>\n\t\t\t\t<\/div>\n\t\t\t\t\t\t\t\t<\/div>\n\t\t\t\t<\/div>\n\t\t\t\t\t<\/div>\n\t\t<\/div>\n\t\t\t\t\t<\/div>\n\t\t<\/section>\n\t\t\t\t<section class=\"elementor-section elementor-top-section elementor-element elementor-element-f959d2b elementor-section-boxed elementor-section-height-default elementor-section-height-default\" data-id=\"f959d2b\" data-element_type=\"section\" data-e-type=\"section\">\n\t\t\t\t\t\t<div class=\"elementor-container elementor-column-gap-default\">\n\t\t\t\t\t<div class=\"elementor-column elementor-col-100 elementor-top-column elementor-element elementor-element-a7acca1\" data-id=\"a7acca1\" data-element_type=\"column\" data-e-type=\"column\">\n\t\t\t<div class=\"elementor-widget-wrap elementor-element-populated\">\n\t\t\t\t\t\t<div class=\"elementor-element elementor-element-c7ec1bf elementor-widget elementor-widget-heading\" data-id=\"c7ec1bf\" data-element_type=\"widget\" data-e-type=\"widget\" data-widget_type=\"heading.default\">\n\t\t\t\t<div class=\"elementor-widget-container\">\n\t\t\t\t\t<h2 class=\"elementor-heading-title elementor-size-default\">Unser Produkt<\/h2>\t\t\t\t<\/div>\n\t\t\t\t<\/div>\n\t\t\t\t<section class=\"elementor-section elementor-inner-section elementor-element elementor-element-5d37a84 elementor-section-boxed elementor-section-height-default elementor-section-height-default\" data-id=\"5d37a84\" data-element_type=\"section\" data-e-type=\"section\">\n\t\t\t\t\t\t<div class=\"elementor-container elementor-column-gap-default\">\n\t\t\t\t\t<div class=\"elementor-column elementor-col-50 elementor-inner-column elementor-element elementor-element-bc00dc8\" data-id=\"bc00dc8\" data-element_type=\"column\" data-e-type=\"column\">\n\t\t\t<div class=\"elementor-widget-wrap elementor-element-populated\">\n\t\t\t\t\t\t<div class=\"elementor-element elementor-element-639fb98 elementor-widget elementor-widget-image\" data-id=\"639fb98\" data-element_type=\"widget\" data-e-type=\"widget\" data-widget_type=\"image.default\">\n\t\t\t\t<div class=\"elementor-widget-container\">\n\t\t\t\t\t\t\t\t\t\t\t\t\t\t\t<img decoding=\"async\" width=\"480\" height=\"300\" src=\"https:\/\/copperry.com\/wp-content\/uploads\/2023\/01\/copper-nickel-blind-flange-1.jpg\" class=\"attachment-large size-large wp-image-3538\" alt=\"\" srcset=\"https:\/\/copperry.com\/wp-content\/uploads\/2023\/01\/copper-nickel-blind-flange-1.jpg 480w, https:\/\/copperry.com\/wp-content\/uploads\/2023\/01\/copper-nickel-blind-flange-1-300x188.jpg 300w\" sizes=\"(max-width: 480px) 100vw, 480px\" \/>\t\t\t\t\t\t\t\t\t\t\t\t\t\t\t<\/div>\n\t\t\t\t<\/div>\n\t\t\t\t<div class=\"elementor-element elementor-element-3bc8c4b elementor-widget elementor-widget-heading\" data-id=\"3bc8c4b\" data-element_type=\"widget\" data-e-type=\"widget\" data-widget_type=\"heading.default\">\n\t\t\t\t<div class=\"elementor-widget-container\">\n\t\t\t\t\t<h3 class=\"elementor-heading-title elementor-size-default\">Vollblindflansche<\/h3>\t\t\t\t<\/div>\n\t\t\t\t<\/div>\n\t\t\t\t<div class=\"elementor-element elementor-element-32ea6e1 elementor-widget elementor-widget-text-editor\" data-id=\"32ea6e1\" data-element_type=\"widget\" data-e-type=\"widget\" data-widget_type=\"text-editor.default\">\n\t\t\t\t<div class=\"elementor-widget-container\">\n\t\t\t\t\t\t\t\t\t<ul><li>Material\uff1aCuNi 90\/10,CuNi70\/30,C70600<\/li><li>Norm: ANSI B16.5<\/li><li>Gr\u00f6\u00dfe: 1\/2\u2033 bis 24\u2033<\/li><\/ul>\t\t\t\t\t\t\t\t<\/div>\n\t\t\t\t<\/div>\n\t\t\t\t\t<\/div>\n\t\t<\/div>\n\t\t\t\t<div class=\"elementor-column elementor-col-50 elementor-inner-column elementor-element elementor-element-3aa37c9\" data-id=\"3aa37c9\" data-element_type=\"column\" data-e-type=\"column\">\n\t\t\t<div class=\"elementor-widget-wrap elementor-element-populated\">\n\t\t\t\t\t\t<div class=\"elementor-element elementor-element-191cb0c elementor-widget elementor-widget-image\" data-id=\"191cb0c\" data-element_type=\"widget\" data-e-type=\"widget\" data-widget_type=\"image.default\">\n\t\t\t\t<div class=\"elementor-widget-container\">\n\t\t\t\t\t\t\t\t\t\t\t\t\t\t\t<img decoding=\"async\" width=\"300\" height=\"295\" src=\"https:\/\/copperry.com\/wp-content\/uploads\/2025\/06\/copper-nickel-composite-blind-flange-1.jpg\" class=\"attachment-large size-large wp-image-9488\" alt=\"Kupfer-Nickel-Verbundblindflansch\" srcset=\"https:\/\/copperry.com\/wp-content\/uploads\/2025\/06\/copper-nickel-composite-blind-flange-1.jpg 300w, https:\/\/copperry.com\/wp-content\/uploads\/2025\/06\/copper-nickel-composite-blind-flange-1-12x12.jpg 12w\" sizes=\"(max-width: 300px) 100vw, 300px\" \/>\t\t\t\t\t\t\t\t\t\t\t\t\t\t\t<\/div>\n\t\t\t\t<\/div>\n\t\t\t\t<div class=\"elementor-element elementor-element-556732e elementor-widget elementor-widget-heading\" data-id=\"556732e\" data-element_type=\"widget\" data-e-type=\"widget\" data-widget_type=\"heading.default\">\n\t\t\t\t<div class=\"elementor-widget-container\">\n\t\t\t\t\t<h3 class=\"elementor-heading-title elementor-size-default\">Kupfer-Nickel-Verbund-Jalousieflansche<\/h3>\t\t\t\t<\/div>\n\t\t\t\t<\/div>\n\t\t\t\t<div class=\"elementor-element elementor-element-17f6dcb elementor-widget elementor-widget-text-editor\" data-id=\"17f6dcb\" data-element_type=\"widget\" data-e-type=\"widget\" data-widget_type=\"text-editor.default\">\n\t\t\t\t<div class=\"elementor-widget-container\">\n\t\t\t\t\t\t\t\t\t<ul><li>Werkstoff\uff1aCuNi 90\/10+A105 ,CuNi70\/30+A105<\/li><li>Norm: ANSI B16.5<\/li><li>Gr\u00f6\u00dfe: 1\/2\u2033 bis 24\u2033<\/li><\/ul>\t\t\t\t\t\t\t\t<\/div>\n\t\t\t\t<\/div>\n\t\t\t\t\t<\/div>\n\t\t<\/div>\n\t\t\t\t\t<\/div>\n\t\t<\/section>\n\t\t\t\t\t<\/div>\n\t\t<\/div>\n\t\t\t\t\t<\/div>\n\t\t<\/section>\n\t\t\t\t<section class=\"elementor-section elementor-top-section elementor-element elementor-element-bce7edb elementor-section-content-middle elementor-section-boxed elementor-section-height-default elementor-section-height-default\" data-id=\"bce7edb\" data-element_type=\"section\" data-e-type=\"section\">\n\t\t\t\t\t\t<div class=\"elementor-container elementor-column-gap-default\">\n\t\t\t\t\t<div class=\"elementor-column elementor-col-50 elementor-top-column elementor-element elementor-element-82e40ed\" data-id=\"82e40ed\" data-element_type=\"column\" data-e-type=\"column\">\n\t\t\t<div class=\"elementor-widget-wrap elementor-element-populated\">\n\t\t\t\t\t\t<div class=\"elementor-element elementor-element-224aa23 elementor-widget elementor-widget-heading\" data-id=\"224aa23\" data-element_type=\"widget\" data-e-type=\"widget\" data-widget_type=\"heading.default\">\n\t\t\t\t<div class=\"elementor-widget-container\">\n\t\t\t\t\t<h2 class=\"elementor-heading-title elementor-size-default\">Warum sollten Sie sich f\u00fcr unsere Kupfer-Nickel-Blindflansche entscheiden?<\/h2>\t\t\t\t<\/div>\n\t\t\t\t<\/div>\n\t\t\t\t<div class=\"elementor-element elementor-element-40c5ced elementor-widget elementor-widget-text-editor\" data-id=\"40c5ced\" data-element_type=\"widget\" data-e-type=\"widget\" data-widget_type=\"text-editor.default\">\n\t\t\t\t<div class=\"elementor-widget-container\">\n\t\t\t\t\t\t\t\t\t<p>Das einfache Bestellverfahren f\u00fcr Kupfer-Nickel-Blindflansche. Sie m\u00fcssen nur die Norm angeben, und wir k\u00f6nnen sie herstellen. Wenn Sie Kupfer-Nickel-Blindflansche nach Ma\u00df anfertigen lassen wollen, teilen Sie uns Ihre W\u00fcnsche mit, und unsere Ingenieure erstellen Zeichnungen, die Sie best\u00e4tigen m\u00fcssen. Sobald diese best\u00e4tigt sind, k\u00f6nnen sie hergestellt werden.<\/p><p>Es kann sein, dass Ihr Projekt dringend Kupfer-Nickel-Blindflansche ben\u00f6tigt, und wir versprechen, dass wir diese schnell und zuverl\u00e4ssig liefern k\u00f6nnen. Das Produkt wird p\u00fcnktlich und in guter Qualit\u00e4t geliefert.<\/p>\t\t\t\t\t\t\t\t<\/div>\n\t\t\t\t<\/div>\n\t\t\t\t\t<\/div>\n\t\t<\/div>\n\t\t\t\t<div class=\"elementor-column elementor-col-50 elementor-top-column elementor-element elementor-element-02752dd\" data-id=\"02752dd\" data-element_type=\"column\" data-e-type=\"column\">\n\t\t\t<div class=\"elementor-widget-wrap elementor-element-populated\">\n\t\t\t\t\t\t<div class=\"elementor-element elementor-element-ebbd2c0 elementor-widget elementor-widget-image\" data-id=\"ebbd2c0\" data-element_type=\"widget\" data-e-type=\"widget\" data-widget_type=\"image.default\">\n\t\t\t\t<div class=\"elementor-widget-container\">\n\t\t\t\t\t\t\t\t\t\t\t\t\t\t\t<img loading=\"lazy\" decoding=\"async\" width=\"500\" height=\"400\" src=\"https:\/\/copperry.com\/wp-content\/uploads\/2024\/12\/copper-nickel-blind-falnge.-jpg.jpg\" class=\"attachment-large size-large wp-image-9011\" alt=\"kupfer nickel blind falnge. jpg\" srcset=\"https:\/\/copperry.com\/wp-content\/uploads\/2024\/12\/copper-nickel-blind-falnge.-jpg.jpg 500w, https:\/\/copperry.com\/wp-content\/uploads\/2024\/12\/copper-nickel-blind-falnge.-jpg-300x240.jpg 300w\" sizes=\"(max-width: 500px) 100vw, 500px\" \/>\t\t\t\t\t\t\t\t\t\t\t\t\t\t\t<\/div>\n\t\t\t\t<\/div>\n\t\t\t\t\t<\/div>\n\t\t<\/div>\n\t\t\t\t\t<\/div>\n\t\t<\/section>\n\t\t\t\t<\/div>","protected":false},"excerpt":{"rendered":"<p>copper nickel blind flange Copper nickel blind flange Manufacturers in china.Competitive prices\uff0c Fast response to your inquiry. Get quote now Our Product solid blind flanges Material\uff1aCuNi 90\/10,CuNi70\/30,C70600 Standard: ANSI B16.5 Size: 1\/2&#8243; to 24&#8243; copper nickel composite blind flangs Material\uff1aCuNi 90\/10+A105 ,CuNi70\/30+A105 Standard: ANSI B16.5 Size: 1\/2&#8243; to 24&#8243; Why Choose Our Copper Nickel Blind [&hellip;]<\/p>","protected":false},"author":1,"featured_media":0,"parent":0,"menu_order":0,"comment_status":"closed","ping_status":"closed","template":"elementor_header_footer","meta":{"footnotes":""},"class_list":["post-3526","page","type-page","status-publish","hentry"],"_links":{"self":[{"href":"https:\/\/copperry.com\/de\/wp-json\/wp\/v2\/pages\/3526","targetHints":{"allow":["GET"]}}],"collection":[{"href":"https:\/\/copperry.com\/de\/wp-json\/wp\/v2\/pages"}],"about":[{"href":"https:\/\/copperry.com\/de\/wp-json\/wp\/v2\/types\/page"}],"author":[{"embeddable":true,"href":"https:\/\/copperry.com\/de\/wp-json\/wp\/v2\/users\/1"}],"replies":[{"embeddable":true,"href":"https:\/\/copperry.com\/de\/wp-json\/wp\/v2\/comments?post=3526"}],"version-history":[{"count":51,"href":"https:\/\/copperry.com\/de\/wp-json\/wp\/v2\/pages\/3526\/revisions"}],"predecessor-version":[{"id":10101,"href":"https:\/\/copperry.com\/de\/wp-json\/wp\/v2\/pages\/3526\/revisions\/10101"}],"wp:attachment":[{"href":"https:\/\/copperry.com\/de\/wp-json\/wp\/v2\/media?parent=3526"}],"curies":[{"name":"wp","href":"https:\/\/api.w.org\/{rel}","templated":true}]}}