{"id":3376,"date":"2022-12-16T16:09:36","date_gmt":"2022-12-16T08:09:36","guid":{"rendered":"https:\/\/copperry.com\/?page_id=3376"},"modified":"2024-09-19T20:39:55","modified_gmt":"2024-09-19T12:39:55","slug":"copper-nickel-weld-neck-flanges","status":"publish","type":"page","link":"https:\/\/copperry.com\/de\/kupfer-nickel-vorschweisflansche\/","title":{"rendered":"Kupfer-Nickel-Vorschwei\u00dfflansche"},"content":{"rendered":"<div data-elementor-type=\"wp-page\" data-elementor-id=\"3376\" class=\"elementor elementor-3376\" data-elementor-post-type=\"page\">\n\t\t\t\t\t\t<section class=\"elementor-section elementor-top-section elementor-element elementor-element-7cf605c elementor-section-content-middle elementor-section-boxed elementor-section-height-default elementor-section-height-default\" data-id=\"7cf605c\" data-element_type=\"section\" data-e-type=\"section\">\n\t\t\t\t\t\t<div class=\"elementor-container elementor-column-gap-default\">\n\t\t\t\t\t<div class=\"elementor-column elementor-col-50 elementor-top-column elementor-element elementor-element-f262fe9\" data-id=\"f262fe9\" data-element_type=\"column\" data-e-type=\"column\">\n\t\t\t<div class=\"elementor-widget-wrap elementor-element-populated\">\n\t\t\t\t\t\t<div class=\"elementor-element elementor-element-f0bc932 elementor-widget elementor-widget-image\" data-id=\"f0bc932\" data-element_type=\"widget\" data-e-type=\"widget\" data-widget_type=\"image.default\">\n\t\t\t\t<div class=\"elementor-widget-container\">\n\t\t\t\t\t\t\t\t\t\t\t\t\t\t\t<img fetchpriority=\"high\" decoding=\"async\" width=\"800\" height=\"800\" src=\"https:\/\/copperry.com\/wp-content\/uploads\/2023\/06\/copper-nickel-weld-neck-flanges-3-1024x1024.jpeg\" class=\"attachment-large size-large wp-image-5949\" alt=\"Kupfer-Nickel-Schwei\u00dfnaht-Flansche\" srcset=\"https:\/\/copperry.com\/wp-content\/uploads\/2023\/06\/copper-nickel-weld-neck-flanges-3-1024x1024.jpeg 1024w, https:\/\/copperry.com\/wp-content\/uploads\/2023\/06\/copper-nickel-weld-neck-flanges-3-300x300.jpeg 300w, https:\/\/copperry.com\/wp-content\/uploads\/2023\/06\/copper-nickel-weld-neck-flanges-3-150x150.jpeg 150w, https:\/\/copperry.com\/wp-content\/uploads\/2023\/06\/copper-nickel-weld-neck-flanges-3-768x768.jpeg 768w, https:\/\/copperry.com\/wp-content\/uploads\/2023\/06\/copper-nickel-weld-neck-flanges-3-600x600.jpeg 600w, https:\/\/copperry.com\/wp-content\/uploads\/2023\/06\/copper-nickel-weld-neck-flanges-3-100x100.jpeg 100w, https:\/\/copperry.com\/wp-content\/uploads\/2023\/06\/copper-nickel-weld-neck-flanges-3.jpeg 1280w\" sizes=\"(max-width: 800px) 100vw, 800px\" \/>\t\t\t\t\t\t\t\t\t\t\t\t\t\t\t<\/div>\n\t\t\t\t<\/div>\n\t\t\t\t\t<\/div>\n\t\t<\/div>\n\t\t\t\t<div class=\"elementor-column elementor-col-50 elementor-top-column elementor-element elementor-element-9df9762\" data-id=\"9df9762\" data-element_type=\"column\" data-e-type=\"column\">\n\t\t\t<div class=\"elementor-widget-wrap elementor-element-populated\">\n\t\t\t\t\t\t<div class=\"elementor-element elementor-element-9f39acb elementor-widget elementor-widget-heading\" data-id=\"9f39acb\" data-element_type=\"widget\" data-e-type=\"widget\" data-widget_type=\"heading.default\">\n\t\t\t\t<div class=\"elementor-widget-container\">\n\t\t\t\t\t<h1 class=\"elementor-heading-title elementor-size-default\">Kupfer-Nickel Vorschwei\u00dfflansche Hersteller<\/h1>\t\t\t\t<\/div>\n\t\t\t\t<\/div>\n\t\t\t\t<div class=\"elementor-element elementor-element-889202e elementor-widget elementor-widget-text-editor\" data-id=\"889202e\" data-element_type=\"widget\" data-e-type=\"widget\" data-widget_type=\"text-editor.default\">\n\t\t\t\t<div class=\"elementor-widget-container\">\n\t\t\t\t\t\t\t\t\t<table width=\"256\"><tbody><tr><td width=\"125\">Material<\/td><td width=\"131\">CuNi 90\/10\uff0cCuNi 70\/30\uff0cUNS C7060X\uff0c UNS C70600\uff0c UNS C71500\uff0cCuNi10Fe1.6Mn<\/td><\/tr><tr><td>Gr\u00f6\u00dfe<\/td><td>1\/2\" bis 20\"<\/td><\/tr><tr><td>Druckstufe<\/td><td>16Bar \uff0c20Bra \uff0cKlasse 150Lbs\uff0c300Lbs<\/td><\/tr><tr><td>Verpackung<\/td><td>Holzkisten-Verpackung<\/td><\/tr><tr><td>Standard<\/td><td>EEMUA 234\uff0cANSI B16.5<\/td><\/tr><\/tbody><\/table>\t\t\t\t\t\t\t\t<\/div>\n\t\t\t\t<\/div>\n\t\t\t\t\t<\/div>\n\t\t<\/div>\n\t\t\t\t\t<\/div>\n\t\t<\/section>\n\t\t\t\t<section class=\"elementor-section elementor-top-section elementor-element elementor-element-2b722a1 elementor-section-boxed elementor-section-height-default elementor-section-height-default\" data-id=\"2b722a1\" data-element_type=\"section\" data-e-type=\"section\">\n\t\t\t\t\t\t<div class=\"elementor-container elementor-column-gap-default\">\n\t\t\t\t\t<div class=\"elementor-column elementor-col-100 elementor-top-column elementor-element elementor-element-3b9483c\" data-id=\"3b9483c\" data-element_type=\"column\" data-e-type=\"column\">\n\t\t\t<div class=\"elementor-widget-wrap elementor-element-populated\">\n\t\t\t\t\t\t<div class=\"elementor-element elementor-element-6f73360 elementor-widget elementor-widget-heading\" data-id=\"6f73360\" data-element_type=\"widget\" data-e-type=\"widget\" data-widget_type=\"heading.default\">\n\t\t\t\t<div class=\"elementor-widget-container\">\n\t\t\t\t\t<h2 class=\"elementor-heading-title elementor-size-default\">kupfer-nickel-vorschwei\u00dfflansche typen<\/h2>\t\t\t\t<\/div>\n\t\t\t\t<\/div>\n\t\t\t\t<section class=\"elementor-section elementor-inner-section elementor-element elementor-element-a57237a elementor-section-boxed elementor-section-height-default elementor-section-height-default\" data-id=\"a57237a\" data-element_type=\"section\" data-e-type=\"section\">\n\t\t\t\t\t\t<div class=\"elementor-container elementor-column-gap-default\">\n\t\t\t\t\t<div class=\"elementor-column elementor-col-50 elementor-inner-column elementor-element elementor-element-6407a4a\" data-id=\"6407a4a\" data-element_type=\"column\" data-e-type=\"column\">\n\t\t\t<div class=\"elementor-widget-wrap elementor-element-populated\">\n\t\t\t\t\t\t<div class=\"elementor-element elementor-element-29ea6fd elementor-widget elementor-widget-image\" data-id=\"29ea6fd\" data-element_type=\"widget\" data-e-type=\"widget\" data-widget_type=\"image.default\">\n\t\t\t\t<div class=\"elementor-widget-container\">\n\t\t\t\t\t\t\t\t\t\t\t\t\t\t\t<img decoding=\"async\" width=\"500\" height=\"450\" src=\"https:\/\/copperry.com\/wp-content\/uploads\/2023\/07\/copper-nickel-weld-neck-flanges-eemua-234.jpg\" class=\"attachment-large size-large wp-image-6446\" alt=\"kupfer-nickel-vorschwei\u00dfflansche eemua 234\" srcset=\"https:\/\/copperry.com\/wp-content\/uploads\/2023\/07\/copper-nickel-weld-neck-flanges-eemua-234.jpg 500w, https:\/\/copperry.com\/wp-content\/uploads\/2023\/07\/copper-nickel-weld-neck-flanges-eemua-234-300x270.jpg 300w\" sizes=\"(max-width: 500px) 100vw, 500px\" \/>\t\t\t\t\t\t\t\t\t\t\t\t\t\t\t<\/div>\n\t\t\t\t<\/div>\n\t\t\t\t<div class=\"elementor-element elementor-element-a825bd3 elementor-widget elementor-widget-heading\" data-id=\"a825bd3\" data-element_type=\"widget\" data-e-type=\"widget\" data-widget_type=\"heading.default\">\n\t\t\t\t<div class=\"elementor-widget-container\">\n\t\t\t\t\t<h2 class=\"elementor-heading-title elementor-size-default\"> EEMUA 234 20Bar <\/h2>\t\t\t\t<\/div>\n\t\t\t\t<\/div>\n\t\t\t\t<div class=\"elementor-element elementor-element-41c713c elementor-widget elementor-widget-heading\" data-id=\"41c713c\" data-element_type=\"widget\" data-e-type=\"widget\" data-widget_type=\"heading.default\">\n\t\t\t\t<div class=\"elementor-widget-container\">\n\t\t\t\t\t<h2 class=\"elementor-heading-title elementor-size-default\">Das Material ist c70600, CuNi90\/10, das in Hochdruck-Seewasserleitungen verwendet wird. EEMUA-Standardflansche werden in zwei Klassen eingeteilt: 16bra und 20bar.<\/h2>\t\t\t\t<\/div>\n\t\t\t\t<\/div>\n\t\t\t\t\t<\/div>\n\t\t<\/div>\n\t\t\t\t<div class=\"elementor-column elementor-col-50 elementor-inner-column elementor-element elementor-element-6c2871d\" data-id=\"6c2871d\" data-element_type=\"column\" data-e-type=\"column\">\n\t\t\t<div class=\"elementor-widget-wrap elementor-element-populated\">\n\t\t\t\t\t\t<div class=\"elementor-element elementor-element-735f8fa elementor-widget elementor-widget-image\" data-id=\"735f8fa\" data-element_type=\"widget\" data-e-type=\"widget\" data-widget_type=\"image.default\">\n\t\t\t\t<div class=\"elementor-widget-container\">\n\t\t\t\t\t\t\t\t\t\t\t\t\t\t\t<img decoding=\"async\" width=\"500\" height=\"450\" src=\"https:\/\/copperry.com\/wp-content\/uploads\/2023\/07\/copper-nickel-weld-neck-flanges-asme-b16.5.jpg\" class=\"attachment-large size-large wp-image-6447\" alt=\"kupfer-nickel-vorschwei\u00dfflansche asme b16.5\" srcset=\"https:\/\/copperry.com\/wp-content\/uploads\/2023\/07\/copper-nickel-weld-neck-flanges-asme-b16.5.jpg 500w, https:\/\/copperry.com\/wp-content\/uploads\/2023\/07\/copper-nickel-weld-neck-flanges-asme-b16.5-300x270.jpg 300w\" sizes=\"(max-width: 500px) 100vw, 500px\" \/>\t\t\t\t\t\t\t\t\t\t\t\t\t\t\t<\/div>\n\t\t\t\t<\/div>\n\t\t\t\t<div class=\"elementor-element elementor-element-07dcd7c elementor-widget elementor-widget-heading\" data-id=\"07dcd7c\" data-element_type=\"widget\" data-e-type=\"widget\" data-widget_type=\"heading.default\">\n\t\t\t\t<div class=\"elementor-widget-container\">\n\t\t\t\t\t<h2 class=\"elementor-heading-title elementor-size-default\">ASME b 16.5 150Lbs<\/h2>\t\t\t\t<\/div>\n\t\t\t\t<\/div>\n\t\t\t\t<div class=\"elementor-element elementor-element-1795a14 elementor-widget elementor-widget-heading\" data-id=\"1795a14\" data-element_type=\"widget\" data-e-type=\"widget\" data-widget_type=\"heading.default\">\n\t\t\t\t<div class=\"elementor-widget-container\">\n\t\t\t\t\t<h2 class=\"elementor-heading-title elementor-size-default\">Die Materialien sind c70600 und c71500, wir k\u00f6nnen Gr\u00f6\u00dfen von 1\/2\" bis 24\" herstellen. Dieser Standardflansch ist in 150lbs und 300lbs Bewertungen zur Verf\u00fcgung.<\/h2>\t\t\t\t<\/div>\n\t\t\t\t<\/div>\n\t\t\t\t\t<\/div>\n\t\t<\/div>\n\t\t\t\t\t<\/div>\n\t\t<\/section>\n\t\t\t\t\t<\/div>\n\t\t<\/div>\n\t\t\t\t\t<\/div>\n\t\t<\/section>\n\t\t\t\t<\/div>","protected":false},"excerpt":{"rendered":"<p>copper nickel weld neck flanges manufacturer Material CuNi 90\/10\uff0cCuNi 70\/30\uff0cUNS C7060X\uff0c UNS C70600\uff0c UNS C71500\uff0cCuNi10Fe1.6Mn Size 1\/2\u201c to 20\u201d Pressure Rating 16Bar \uff0c20Bra \uff0cclass 150Lbs\uff0c300Lbs Packaging Wooden Case Packing Standard EEMUA 234\uff0cANSI B16.5 copper nickel weld neck flanges types EEMUA 234 20Bar The material is c70600, CuNi90\/10, used in high pressure seawater pipelines.EEMUA standard flanges [&hellip;]<\/p>","protected":false},"author":1,"featured_media":0,"parent":0,"menu_order":0,"comment_status":"closed","ping_status":"closed","template":"elementor_header_footer","meta":{"footnotes":""},"class_list":["post-3376","page","type-page","status-publish","hentry"],"_links":{"self":[{"href":"https:\/\/copperry.com\/de\/wp-json\/wp\/v2\/pages\/3376","targetHints":{"allow":["GET"]}}],"collection":[{"href":"https:\/\/copperry.com\/de\/wp-json\/wp\/v2\/pages"}],"about":[{"href":"https:\/\/copperry.com\/de\/wp-json\/wp\/v2\/types\/page"}],"author":[{"embeddable":true,"href":"https:\/\/copperry.com\/de\/wp-json\/wp\/v2\/users\/1"}],"replies":[{"embeddable":true,"href":"https:\/\/copperry.com\/de\/wp-json\/wp\/v2\/comments?post=3376"}],"version-history":[{"count":83,"href":"https:\/\/copperry.com\/de\/wp-json\/wp\/v2\/pages\/3376\/revisions"}],"predecessor-version":[{"id":8578,"href":"https:\/\/copperry.com\/de\/wp-json\/wp\/v2\/pages\/3376\/revisions\/8578"}],"wp:attachment":[{"href":"https:\/\/copperry.com\/de\/wp-json\/wp\/v2\/media?parent=3376"}],"curies":[{"name":"wp","href":"https:\/\/api.w.org\/{rel}","templated":true}]}}